{"id":1308,"date":"2016-11-11T13:00:23","date_gmt":"2016-11-11T11:00:23","guid":{"rendered":"http:\/\/www.rettet-peter.de\/?page_id=1308"},"modified":"2016-11-14T15:47:35","modified_gmt":"2016-11-14T13:47:35","slug":"ktm-690-enduro-rallye","status":"publish","type":"page","link":"https:\/\/www.rettet-peter.de\/?page_id=1308","title":{"rendered":"KTM 690 Enduro Rallye"},"content":{"rendered":"<p><strong><a href=\"http:\/\/www.rettet-peter.de\/wp-content\/uploads\/2012\/12\/ktm_690_enduro_8_1.jpg\"><img decoding=\"async\" class=\"alignleft size-medium wp-image-222\" title=\"ktm_690_enduro_8_1\" src=\"http:\/\/www.rettet-peter.de\/wp-content\/uploads\/2012\/12\/ktm_690_enduro_8_1-300x225.jpg\" alt=\"Mecasystem Umbau an KTM 690 Enduro R\" width=\"200\" srcset=\"https:\/\/www.rettet-peter.de\/wp-content\/uploads\/2012\/12\/ktm_690_enduro_8_1-300x225.jpg 300w, https:\/\/www.rettet-peter.de\/wp-content\/uploads\/2012\/12\/ktm_690_enduro_8_1.jpg 1024w\" sizes=\"(max-width: 300px) 100vw, 300px\" \/><\/a>Umbau einer KTM 690 Enduro R, Baujahr 2012<\/strong><\/p>\n<p>Hier findest Du eine \u00dcbersicht aller bisher erschienenen Berichte und Eintr\u00e4ge und den aktuellen Stand zum Umbau der KTM.<\/p>\n<p>07.10.2016 &#8211; <a title=\"KTM 690 Umbau Africa-Race\" href=\"http:\/\/www.rettet-peter.de\/?p=1236\"><b> KTM 690 Enduro R Lenkererh\u00f6hung <\/b><\/a><br \/>\n26.11.2013 &#8211; <a title=\"KTM 690 Umbau Africa-Race\" href=\"http:\/\/www.rettet-peter.de\/?p=595\"><b> KTM 690 Enduro R Umbau Africa-Race <\/b><\/a><br \/>\n26.03.2013 &#8211; <a title=\"CLS Ketten\u00f6ler an KTM 690 Enduro R\" href=\"http:\/\/www.rettet-peter.de\/?p=353\"><b> CLS Ketten\u00f6ler an KTM 690 Enduro R <\/b><\/a><br \/>\n24.03.2013 &#8211; <a title=\"KTM 690 Enduro R \u2013 Original und \u2026. Umbau\" href=\"http:\/\/www.rettet-peter.de\/?p=350\"><b> KTM 690 Enduro R \u2013 Original und \u2026. Umbau <\/b><\/a><br \/>\n09.02.2013 &#8211; <a title=\"Alu oder Kunststoff \u2013 das ist hier die Frage\u2026.\" href=\"http:\/\/www.rettet-peter.de\/?p=275\"><b> Alu oder Kunststoff \u2013 das ist hier die Frage\u2026. <\/b><\/a><br \/>\n10.01.2013 &#8211; <a title=\"KTM 690 Enduro R Einbau K&amp;N Luftfilter\" href=\"http:\/\/www.rettet-peter.de\/?p=259\"><b> KTM 690 Enduro R Einbau K&amp;N Luftfilter <\/b><\/a><br \/>\n04.01.2013 &#8211; <a title=\"Tripmaster, Compass-Repeater, Tachoeinheit, Roadbookhalter etc\" href=\"http:\/\/www.rettet-peter.de\/?p=240\"><b> Tripmaster, Compass-Repeater etc. <\/b><\/a><br \/>\n03.01.2013 &#8211; <a title=\"Montage eines Koffertr\u00e4gers\" href=\"http:\/\/www.rettet-peter.de\/?p=238\"><b> Montage eines Koffertr\u00e4gers <\/b><\/a><br \/>\n24.12.2012 &#8211; <a title=\"Einbau Support Tripmaster \u2013 Teil 1\" href=\"http:\/\/www.rettet-peter.de\/?p=218\"><b> Einbau Support Tripmaster \u2013 Teil 1<\/b> <\/a><br \/>\n16.12.2012 &#8211; <a title=\"Anbau BOS Edelstahl Endtopf\" href=\"http:\/\/www.rettet-peter.de\/?p=185\"><b> Anbau BOS Edelstahl Endtopf <\/b><\/a><br \/>\n14.12.2012 &#8211; <a title=\"KTM 690 Enduro R Rallyevorbau\" href=\"http:\/\/www.rettet-peter.de\/?p=171\"><b> KTM 690 Enduro R Rallyevorbau <\/b><\/a><br \/>\n08.12.2012 &#8211; <a title=\"Einbau K\u00fchlerschutz\" href=\"http:\/\/www.rettet-peter.de\/?page_id=156\"><b> Einbau K\u00fchlerschutz <\/b><\/a><br \/>\n24.11.2012 &#8211; <a title=\"Aluminiumtanks sind da\" href=\"http:\/\/www.rettet-peter.de\/?p=116\"><b> Aluminiumtanks sind da <\/b><\/a><br \/>\n17.10.2012 &#8211; <a title=\"Teileliste Umbau KTM\" href=\"http:\/\/www.rettet-peter.de\/?p=73\"><b> Teileliste Umbau KTM <\/b><\/a><br \/>\n14.10.2012 &#8211; <a title=\"Anbau Motorschutz\" href=\"http:\/\/www.rettet-peter.de\/?p=29#comment-4\"><b> Anbau Motorschutz <\/b><\/a><\/p>\n<p>\u00dcber Anregungen, interessante Infos, Kritik und W\u00fcnsche f\u00fcr neue Themen als eMail oder Bemerkung \/ Kommentar auf dieser Seite w\u00fcrde ich mich sehr freuen.<\/p>\n<p>Pete<\/p>\n","protected":false},"excerpt":{"rendered":"<p>Umbau einer KTM 690 Enduro R, Baujahr 2012 Hier findest Du eine \u00dcbersicht aller bisher<\/p>\n","protected":false},"author":1,"featured_media":0,"parent":35,"menu_order":0,"comment_status":"closed","ping_status":"closed","template":"","meta":{"_bbp_topic_count":0,"_bbp_reply_count":0,"_bbp_total_topic_count":0,"_bbp_total_reply_count":0,"_bbp_voice_count":0,"_bbp_anonymous_reply_count":0,"_bbp_topic_count_hidden":0,"_bbp_reply_count_hidden":0,"_bbp_forum_subforum_count":0,"ngg_post_thumbnail":0,"footnotes":""},"class_list":["post-1308","page","type-page","status-publish","hentry"],"_links":{"self":[{"href":"https:\/\/www.rettet-peter.de\/index.php?rest_route=\/wp\/v2\/pages\/1308","targetHints":{"allow":["GET"]}}],"collection":[{"href":"https:\/\/www.rettet-peter.de\/index.php?rest_route=\/wp\/v2\/pages"}],"about":[{"href":"https:\/\/www.rettet-peter.de\/index.php?rest_route=\/wp\/v2\/types\/page"}],"author":[{"embeddable":true,"href":"https:\/\/www.rettet-peter.de\/index.php?rest_route=\/wp\/v2\/users\/1"}],"replies":[{"embeddable":true,"href":"https:\/\/www.rettet-peter.de\/index.php?rest_route=%2Fwp%2Fv2%2Fcomments&post=1308"}],"version-history":[{"count":5,"href":"https:\/\/www.rettet-peter.de\/index.php?rest_route=\/wp\/v2\/pages\/1308\/revisions"}],"predecessor-version":[{"id":1324,"href":"https:\/\/www.rettet-peter.de\/index.php?rest_route=\/wp\/v2\/pages\/1308\/revisions\/1324"}],"up":[{"embeddable":true,"href":"https:\/\/www.rettet-peter.de\/index.php?rest_route=\/wp\/v2\/pages\/35"}],"wp:attachment":[{"href":"https:\/\/www.rettet-peter.de\/index.php?rest_route=%2Fwp%2Fv2%2Fmedia&parent=1308"}],"curies":[{"name":"wp","href":"https:\/\/api.w.org\/{rel}","templated":true}]}}