{"id":18,"date":"2012-10-13T18:21:23","date_gmt":"2012-10-13T18:21:23","guid":{"rendered":"http:\/\/www.rettet-peter.de\/?page_id=18"},"modified":"2012-10-14T15:22:27","modified_gmt":"2012-10-14T13:22:27","slug":"datenschutz","status":"publish","type":"page","link":"https:\/\/www.rettet-peter.de\/?page_id=18","title":{"rendered":"Datenschutz"},"content":{"rendered":"<h3>Datenschutzerkl\u00e4rung<\/h3>\n<p class=\"style1\">Vielen Dank f\u00fcr Dein Interesse an meinem Onlineauftritt. Der Schutz Deiner<br \/>\npers\u00f6nlichen Daten liegt mir sehr am Herzen. An dieser Stelle m\u00f6chte ich Dich<br \/>\ndaher \u00fcber den Datenschutz in Verbindung mit diesem Onlineangebot informieren.<br \/>\nSelbstverst\u00e4ndlich beachten ich die gesetzlichen Bestimmungen des<br \/>\nDatenschutzgesetzes (BDSG) des Telemediengesetzes (TMG) und anderer<br \/>\ndatenschutzrechtlicher Bestimmungen.<\/p>\n<p class=\"style1\">Bei Deinen pers\u00f6nlichen Daten kannst Du mir vertrauen! Diese werden durch digitale Sicherheitssysteme verschl\u00fcsselt und an \u00fcbertragen. Diese<br \/>\nWebseiten sind durch technische Ma\u00dfnahmen gegen Besch\u00e4digungen, Zerst\u00f6rung oder<br \/>\nunberechtigten Zugriff gesch\u00fctzt.<\/p>\n<h3>Gegenstand des Datenschutzes<\/h3>\n<p class=\"style1\">Gegenstand des Datenschutzes sind personenbezogene Daten. Diese sind nach \u00a7 3<br \/>\nAbs. 1 BDSG Einzelangaben \u00fcber pers\u00f6nlich oder sachliche Verh\u00e4ltnisse einer<br \/>\nbestimmten oder bestimmbaren nat\u00fcrlichen Person. Hierunter fallen z. B. Angaben<br \/>\nwie Name, Post-Adresse, E-Mail-Adresse oder Telefonnummer, ggf. aber auch<br \/>\nNutzungsdaten wie Ihre IP-Adresse.<\/p>\n<h3>Umfang der Datenerhebung und -speicherung<\/h3>\n<p class=\"style1\">Im Allgemeinen ist es f\u00fcr die Nutzung dieser Internetseite nicht erforderlich,<br \/>\ndass personenbezogene Daten angeben werden. Damit ich bestimmte Dienstleistungen aber<br \/>\ntats\u00e4chlich erbringen kann, ben\u00f6tigen ich ggf. Deine personenbezogenen Daten.<br \/>\nDies gilt sowohl bei der Zusendung von Informationsmaterial oder bestellter Ware<br \/>\nsowie auch f\u00fcr die Beantwortung individueller Anfragen.<\/p>\n<p class=\"style1\">Wenn Du mich mit der Erbringung einer Dienstleistung oder der Zusendung von Ware beauftragst, erhebe und speichere ich pers\u00f6nlichen Daten grunds\u00e4tzlich<br \/>\nnur, soweit es f\u00fcr die Erbringung der Dienstleistung oder die Durchf\u00fchrung des<br \/>\nVertrages notwendig ist. Dazu kann es erforderlich sein, Deine pers\u00f6nlichen Daten<br \/>\nan Unternehmen weiterzugeben, die ich zur Erbringung der Dienstleistung oder zur<br \/>\nVertragsabwicklung einsetzen. Dies sind z. B. Transportunternehmen oder andere<br \/>\nService-Dienste.<\/p>\n<p class=\"style1\">Nach vollst\u00e4ndiger Vertragsabwicklung werden Deine Daten gesperrt und nach Ablauf der steuer- und handelsrechtlichen Vorschriften gel\u00f6scht, sofern Du nicht<br \/>\nausdr\u00fccklich einer dar\u00fcber hinausgehende Datenverwendung zugestimmt haben.<\/p>\n<p class=\"style1\">Wenn Du dich mit Deiner E-Mail-Adresse f\u00fcr meinen Newsletter angemeldet hast,<br \/>\nnutze ich Deine E-Mail-Adresse auch \u00fcber die Vertragsdurchf\u00fchrung hinaus f\u00fcr<br \/>\neigene Werbezwecke, bis Du Dich vom Newsletter-Bezug abmeldest.<\/p>\n<h3>Daten-Erhebung durch Nutzung von Google-Analytics<\/h3>\n<p class=\"style1\">Meine Webseite benutzt Google-Analytics, einen Webanalysedienst, der Google inc. Google-Analytics verwendet sogenannte \u201eCookies\u201c. Dabei handelt es sich um<br \/>\nTextdateien, die auf Deinem Computer gespeichert werden und die eine Analyse<br \/>\nDeiner Benutzung der Website erm\u00f6glicht. Erfasst werden beispielsweise<br \/>\nInformationen zum Betriebssystem, zum Browser, IP-Adresse, die von Dir<br \/>\nzuvor aufgerufene Webseite (Referrer-URL) und Datum und Uhrzeit des Besuchs<br \/>\nauf meiner Webseite. Die durch diese Textdatei erzeugten Informationen \u00fcber die<br \/>\nBenutzung unserer Webseite werden an einen Server von Google in den USA<br \/>\n\u00fcbertragen und dort gespeichert. Google wird diese Information benutzen, um Deine<br \/>\nNutzung unserer Webseite auszuwerten, um Reports \u00fcber die Webseitenaktivit\u00e4t f\u00fcr<br \/>\ndie Webseitenbetreiber zusammen zu stellen und um weitere mit der<br \/>\nWebseitennutzung und der Internetnutzung verbundenen Dienstleistungen zu<br \/>\nerbringen. Sofern dies gesetzlich vorgeschrieben ist oder soweit Dritte diese<br \/>\nDaten im Auftrag von Google verarbeiten, wird Google diese Information auch an<br \/>\ndiese Dritten weitergeben. Diese Nutzung erfolgt anonymisiert oder<br \/>\npseudonymisiert. N\u00e4here Informationen dar\u00fcber findest Du direkt bei Google<\/p>\n<p class=\"style1\">http:\/\/www.google.com\/intl\/de\/privacypolicy.html#information<\/p>\n<p class=\"style1\">aufrufen.<br class=\"style1\" \/><br \/>\n<span class=\"style1\">Dabei werden keinerlei unmittelbare pers\u00f6nliche Daten des Nutzers<br \/>\ngespeichert, sondern nur die Internetprotokoll\u2013Adresse. Diese Informationen<br \/>\ndienen dazu, Dich bei Deinem n\u00e4chsten Besuch auf meiner Websites automatisch<br \/>\nwiederzuerkennen und Dir die Navigation zu erleichtern. Cookies erlauben es<br \/>\nmir beispielsweise, eine Website den Interessen anzupassen oder Dein Kennwort<br \/>\nzu speichern, damit Du es nicht jedes Mal neu eingeben musst. <\/span><\/p>\n<p><span class=\"style1\">Selbstverst\u00e4ndlich kannst Du meine Websites auch ohne<br \/>\nCookies betrachten. Wenn Du nicht m\u00f6chtest, dass ich Deinen Computer<br \/>\nwiedererkenne, kannst Du das Speichern von Cookies auf Deiner Festplatte<br \/>\nverhindern, indem Du in den Browser-Einstellungen &#8222;keine Cookies akzeptieren&#8220;<br \/>\nw\u00e4hlst.<\/span><\/p>\n<h3>Auskunft- und Widerrufsrecht<\/h3>\n<p class=\"style1\">Du erh\u00e4lst jederzeit ohne Angabe von Gr\u00fcnden kostenfrei Auskunft \u00fcber bei<br \/>\nmir gespeicherten Daten und Du kannst jederzeit bei mir erhobenen Daten<br \/>\nsperren, berichtigen oder l\u00f6schen lassen. <\/p>\n<p class=\"style1\">Beachte, dass sich Datenschutzbestimmungen und Handhabungen zum Datenschutz, z. B. bei Google, laufend \u00e4ndern k\u00f6nnen. Es ist daher ratsam und erforderlich, sich \u00fcber Ver\u00e4nderungen der gesetzlichen Bestimmungen und der Praxis von Unternehmen, z. B. Google, laufend zu informieren.<\/p>\n<p><span class=\"style1\">Diese Datenschutzerkl\u00e4rung wird Ihnen auf<br \/>\nder Webseite <a href=\"http:\/\/www.datenschutzerklaerung-online.de\"><br \/>\nhttp:\/\/www.datenschutzerklaerung-online.de<\/a><br \/>\nkostenlos zur Verf\u00fcgung gestellt. Urheber ist Rechtsanwalt Dr. Bernd v. Nieding<br \/>\n<\/span><span class=\"style1\"><br \/>\n<a href=\"http:\/\/www.vnem.de\">http:\/\/www.vnem.de<\/a><br \/>\n<\/span><\/p>\n","protected":false},"excerpt":{"rendered":"<p>Datenschutzerkl\u00e4rung Vielen Dank f\u00fcr Dein Interesse an meinem Onlineauftritt. Der Schutz Deiner pers\u00f6nlichen Daten liegt<\/p>\n","protected":false},"author":1,"featured_media":0,"parent":20,"menu_order":100,"comment_status":"closed","ping_status":"closed","template":"","meta":{"_bbp_topic_count":0,"_bbp_reply_count":0,"_bbp_total_topic_count":0,"_bbp_total_reply_count":0,"_bbp_voice_count":0,"_bbp_anonymous_reply_count":0,"_bbp_topic_count_hidden":0,"_bbp_reply_count_hidden":0,"_bbp_forum_subforum_count":0,"ngg_post_thumbnail":0,"footnotes":""},"class_list":["post-18","page","type-page","status-publish","hentry"],"_links":{"self":[{"href":"https:\/\/www.rettet-peter.de\/index.php?rest_route=\/wp\/v2\/pages\/18","targetHints":{"allow":["GET"]}}],"collection":[{"href":"https:\/\/www.rettet-peter.de\/index.php?rest_route=\/wp\/v2\/pages"}],"about":[{"href":"https:\/\/www.rettet-peter.de\/index.php?rest_route=\/wp\/v2\/types\/page"}],"author":[{"embeddable":true,"href":"https:\/\/www.rettet-peter.de\/index.php?rest_route=\/wp\/v2\/users\/1"}],"replies":[{"embeddable":true,"href":"https:\/\/www.rettet-peter.de\/index.php?rest_route=%2Fwp%2Fv2%2Fcomments&post=18"}],"version-history":[{"count":6,"href":"https:\/\/www.rettet-peter.de\/index.php?rest_route=\/wp\/v2\/pages\/18\/revisions"}],"predecessor-version":[{"id":46,"href":"https:\/\/www.rettet-peter.de\/index.php?rest_route=\/wp\/v2\/pages\/18\/revisions\/46"}],"up":[{"embeddable":true,"href":"https:\/\/www.rettet-peter.de\/index.php?rest_route=\/wp\/v2\/pages\/20"}],"wp:attachment":[{"href":"https:\/\/www.rettet-peter.de\/index.php?rest_route=%2Fwp%2Fv2%2Fmedia&parent=18"}],"curies":[{"name":"wp","href":"https:\/\/api.w.org\/{rel}","templated":true}]}}