{"id":20,"date":"2012-10-13T18:21:23","date_gmt":"2012-10-13T18:21:23","guid":{"rendered":"http:\/\/www.rettet-peter.de\/?page_id=20"},"modified":"2025-09-15T11:06:16","modified_gmt":"2025-09-15T09:06:16","slug":"impressum","status":"publish","type":"page","link":"https:\/\/www.rettet-peter.de\/?page_id=20","title":{"rendered":"Impressum"},"content":{"rendered":"<p>Diese Internetseiten bzw. der Inhalt der einzelnen Seiten stellt ein rein privates Angebot dar. Thematisch befasst es sich mit meiner Leidenschaft, Reisen mit und Umbauten am Motorrad. Ein weiterer Punkt soll die Bereitstellung einer Datenbank mit technischen Daten und Fakten zu den von mir gefahrenen Zweir\u00e4dern sowie Tipps und Hinweise zu Umbauten und Ersatzteilen sein.<\/p>\n<p>Verantwortlich f\u00fcr Inhalt, Konzeption &amp; Realisierung des Onlineportals:<\/p>\n<p><strong>rettet-peter.de<\/strong><\/p>\n<p>Peter Zinssler<\/p>\n<p>Dammer Strasse 24, 63741 Aschaffenburg, Bayern<\/p>\n<p>Internet: www.rettet-peter.de<br \/>\neMail: info (at) rettet-peter.de<\/p>\n<h2>Gew\u00e4hrleistung<\/h2>\n<p>Ich bem\u00fche mich um m\u00f6glichst korrekte und aktuelle Information. Trotzdem k\u00f6nnen Fehler auftreten. Die Inhalte wurden sorgf\u00e4ltig erarbeitet. Dennoch \u00fcbernehme ich als Autoren und Herausgeber keine Gew\u00e4hr und Haftung f\u00fcr die Richtigkeit, Zuverl\u00e4ssigkeit, Vollst\u00e4ndigkeit und Aktualit\u00e4t der Information. Die Verwendung der Website und der darin enthaltenen Informationen erfolgt auf eigene Gefahr. \u00c4nderungen k\u00f6nnen jederzeit ohne vorherige Ank\u00fcndigung vorgenommen werden.<\/p>\n","protected":false},"excerpt":{"rendered":"<p>Diese Internetseiten bzw. der Inhalt der einzelnen Seiten stellt ein rein privates Angebot dar. Thematisch<\/p>\n","protected":false},"author":1,"featured_media":0,"parent":0,"menu_order":30,"comment_status":"closed","ping_status":"closed","template":"","meta":{"_bbp_topic_count":0,"_bbp_reply_count":0,"_bbp_total_topic_count":0,"_bbp_total_reply_count":0,"_bbp_voice_count":0,"_bbp_anonymous_reply_count":0,"_bbp_topic_count_hidden":0,"_bbp_reply_count_hidden":0,"_bbp_forum_subforum_count":0,"ngg_post_thumbnail":0,"footnotes":""},"class_list":["post-20","page","type-page","status-publish","hentry"],"_links":{"self":[{"href":"https:\/\/www.rettet-peter.de\/index.php?rest_route=\/wp\/v2\/pages\/20","targetHints":{"allow":["GET"]}}],"collection":[{"href":"https:\/\/www.rettet-peter.de\/index.php?rest_route=\/wp\/v2\/pages"}],"about":[{"href":"https:\/\/www.rettet-peter.de\/index.php?rest_route=\/wp\/v2\/types\/page"}],"author":[{"embeddable":true,"href":"https:\/\/www.rettet-peter.de\/index.php?rest_route=\/wp\/v2\/users\/1"}],"replies":[{"embeddable":true,"href":"https:\/\/www.rettet-peter.de\/index.php?rest_route=%2Fwp%2Fv2%2Fcomments&post=20"}],"version-history":[{"count":13,"href":"https:\/\/www.rettet-peter.de\/index.php?rest_route=\/wp\/v2\/pages\/20\/revisions"}],"predecessor-version":[{"id":4655,"href":"https:\/\/www.rettet-peter.de\/index.php?rest_route=\/wp\/v2\/pages\/20\/revisions\/4655"}],"wp:attachment":[{"href":"https:\/\/www.rettet-peter.de\/index.php?rest_route=%2Fwp%2Fv2%2Fmedia&parent=20"}],"curies":[{"name":"wp","href":"https:\/\/api.w.org\/{rel}","templated":true}]}}