{"id":263,"date":"2013-01-11T15:48:43","date_gmt":"2013-01-11T13:48:43","guid":{"rendered":"http:\/\/www.rettet-peter.de\/?page_id=263"},"modified":"2015-06-24T16:33:05","modified_gmt":"2015-06-24T14:33:05","slug":"seitentitel","status":"publish","type":"page","link":"https:\/\/www.rettet-peter.de\/?page_id=263","title":{"rendered":"Seitentitel"},"content":{"rendered":"<p>Der Seitentitel sorgt f\u00fcr Verwirrung&#8230;. warum &#8222;rettet-peter.de&#8220;<\/p>\n<figure id=\"attachment_264\" aria-describedby=\"caption-attachment-264\" style=\"width: 200px\" class=\"wp-caption alignleft\"><a href=\"http:\/\/www.rettet-peter.de\/wp-content\/uploads\/2013\/01\/EPSN0113-1.jpg\"><img decoding=\"async\" class=\"size-medium wp-image-264\" title=\"EPSON DSC picture\" src=\"http:\/\/www.rettet-peter.de\/wp-content\/uploads\/2013\/01\/EPSN0113-1-300x225.jpg\" alt=\"Totalausfall in Tunesien\" width=\"200\" srcset=\"https:\/\/www.rettet-peter.de\/wp-content\/uploads\/2013\/01\/EPSN0113-1-300x225.jpg 300w, https:\/\/www.rettet-peter.de\/wp-content\/uploads\/2013\/01\/EPSN0113-1.jpg 1024w\" sizes=\"(max-width: 300px) 100vw, 300px\" \/><\/a><figcaption id=\"caption-attachment-264\" class=\"wp-caption-text\">Totalausfall in Tunesien<\/figcaption><\/figure>\n<p>Nein, kein Panik, es geht mir gut \ud83d\ude09 Ich brauche zum Gl\u00fcck keine Spenderleber oder Bluttransfusionen und m\u00f6chte mit dem Seitentitel auch nicht einen falschen Eindruck erwecken.<br \/>\nAber warum dann dieser Titel f\u00fcr eine Internetadresse?<\/p>\n<p>Eigentlich ist diese Frage schnell und einfach beantwortet. Als leidenschaftlicher Motorradfahrer und -reisenden hat es mich schon in einige L\u00e4nder Europas und auch \u00fcber diese Grenzen hinaus getrieben. Und da auf Reisen auch immer mal was schiefgehen kann, ergab sich nach einer Tunesien-Tour und der daran angeschlossenen &#8222;Rettungsmission&#8220; der Seitentitel. Dank ADAC bzw. der tunesischen Partneragentur wurde mein Mopi und ich aus dem s\u00fcdlichen Tunesien bis nach Tunis transportiert, wo ich einie Tage in einem Hotel \u00fcbernachtete und dann per F\u00e4hre die Heimreise antrat.<\/p>\n<figure id=\"attachment_266\" aria-describedby=\"caption-attachment-266\" style=\"width: 200px\" class=\"wp-caption alignleft\"><a href=\"http:\/\/www.rettet-peter.de\/wp-content\/uploads\/2013\/01\/PIC_0636-1.jpg\"><img decoding=\"async\" class=\"size-medium wp-image-266\" title=\"Rettungsaktion\" src=\"http:\/\/www.rettet-peter.de\/wp-content\/uploads\/2013\/01\/PIC_0636-1-300x225.jpg\" alt=\"Rettungsaktion auf Campingplatz\" width=\"200\" srcset=\"https:\/\/www.rettet-peter.de\/wp-content\/uploads\/2013\/01\/PIC_0636-1-300x225.jpg 300w, https:\/\/www.rettet-peter.de\/wp-content\/uploads\/2013\/01\/PIC_0636-1.jpg 1024w\" sizes=\"(max-width: 300px) 100vw, 300px\" \/><\/a><figcaption id=\"caption-attachment-266\" class=\"wp-caption-text\">Rettungsaktion auf Campingplatz<\/figcaption><\/figure>\n<p>Da Reisen, auf denen nichts schiefgeht ja irgendwie recht langeweilig erscheinen und scheinbar um den Seitentitel noch zu bekr\u00e4ftigen, ergab es sich im Jahr 2008 auf einer Tour durch die Pyren\u00e4en, das mich erneut der Fehlerteufel in Form einer defekten Z\u00fcndung heimsuchte und meine Reise vorzeitig auf einem Campingplatz in Andorra endete.<\/p>\n<p>Erneut wurde die Heimreise nicht auf dem Motorrad, sondern mittels &#8222;Billig-Airline&#8220; von Spanien aus nach Frankfurt angetreten. Das Motorrad kam ca. 3 Wochen sp\u00e4ter mit dem LKW in Deutschland an.<\/p>\n<p>Seither l\u00e4uft es eigentlich ziemlich rund, bis auf einige &#8222;kleinere&#8220; Zwischenf\u00e4lle wie der Bruch der Aufh\u00e4ngung des Bremssattel am Hinterrad direkt bei der Auffahrt zur F\u00e4hre im Hafen von Venedig. Aber mal sehen was die Zukunft noch so bringt&#8230;.. \ud83d\ude09<\/p>\n","protected":false},"excerpt":{"rendered":"<p>Der Seitentitel sorgt f\u00fcr Verwirrung&#8230;. warum &#8222;rettet-peter.de&#8220; Nein, kein Panik, es geht mir gut \ud83d\ude09<\/p>\n","protected":false},"author":1,"featured_media":264,"parent":0,"menu_order":5,"comment_status":"open","ping_status":"open","template":"","meta":{"_bbp_topic_count":0,"_bbp_reply_count":0,"_bbp_total_topic_count":0,"_bbp_total_reply_count":0,"_bbp_voice_count":0,"_bbp_anonymous_reply_count":0,"_bbp_topic_count_hidden":0,"_bbp_reply_count_hidden":0,"_bbp_forum_subforum_count":0,"ngg_post_thumbnail":0,"footnotes":""},"class_list":["post-263","page","type-page","status-publish","has-post-thumbnail","hentry"],"_links":{"self":[{"href":"https:\/\/www.rettet-peter.de\/index.php?rest_route=\/wp\/v2\/pages\/263","targetHints":{"allow":["GET"]}}],"collection":[{"href":"https:\/\/www.rettet-peter.de\/index.php?rest_route=\/wp\/v2\/pages"}],"about":[{"href":"https:\/\/www.rettet-peter.de\/index.php?rest_route=\/wp\/v2\/types\/page"}],"author":[{"embeddable":true,"href":"https:\/\/www.rettet-peter.de\/index.php?rest_route=\/wp\/v2\/users\/1"}],"replies":[{"embeddable":true,"href":"https:\/\/www.rettet-peter.de\/index.php?rest_route=%2Fwp%2Fv2%2Fcomments&post=263"}],"version-history":[{"count":4,"href":"https:\/\/www.rettet-peter.de\/index.php?rest_route=\/wp\/v2\/pages\/263\/revisions"}],"predecessor-version":[{"id":367,"href":"https:\/\/www.rettet-peter.de\/index.php?rest_route=\/wp\/v2\/pages\/263\/revisions\/367"}],"wp:featuredmedia":[{"embeddable":true,"href":"https:\/\/www.rettet-peter.de\/index.php?rest_route=\/wp\/v2\/media\/264"}],"wp:attachment":[{"href":"https:\/\/www.rettet-peter.de\/index.php?rest_route=%2Fwp%2Fv2%2Fmedia&parent=263"}],"curies":[{"name":"wp","href":"https:\/\/api.w.org\/{rel}","templated":true}]}}