{"id":365,"date":"2013-04-09T17:39:06","date_gmt":"2013-04-09T15:39:06","guid":{"rendered":"http:\/\/www.rettet-peter.de\/?page_id=365"},"modified":"2024-06-23T13:49:07","modified_gmt":"2024-06-23T11:49:07","slug":"pamir-highway-2013","status":"publish","type":"page","link":"https:\/\/www.rettet-peter.de\/?page_id=365","title":{"rendered":"Pamir-Highway 2013"},"content":{"rendered":"<p>Endlich geht es los&#8230;.<\/p>\n<p>Die erste (!) Inspektion an der KTM mit \u00d6l- und \u00d6lfilterwechsel, neuer Z\u00fcndkerze, Nachziehen der Schrauben und pr\u00fcfen von diversen Einstellungen und Funktionen ist seit heute erledigt und ein weiterer Schritt zur Abreise ist vollbracht. Die Koffer stehen ebenfalls bereit und warten darauf mit einem Berg von Reiseequipment, Papieren, Bekleidung und Schuhen, Ersatzteilen und Fotoausr\u00fcstung bis hin zu Hygieneartikeln, Zelt und Schlafsack beladen zu werden.<br \/>\nDamit auch wirklich gar nichts vergessen wird, habe ich in den vergangenen Wochen die iPhone-App &#8222;PackTheBag&#8220; mit allem gef\u00fcttert, was ich unterwegs gebrauchen kann. Nun hilft mir das elektronische Helferlein beim &#8211; ja, stressfreien Kofferpacken \ud83d\ude09<\/p>\n<p>In den kommenden Tagen und Wochen werde ich versuchen, hier halbwegs aktuell einiges von der Tour, den Reisel\u00e4ndern, interessante Erlebnisse und Bilder zu posten und die Besucher auf dem laufenden zu halten.<\/p>\n<p>Hier der Link zur \u00dcbersicht bzw. zu den Reiseberichten zur Motorradreise von Deutschland in die Mongolei unter dem Titel <a href=\"http:\/\/www.rettet-peter.de\/?cat=11\"> <b>Pamir-Highway-2013<\/b> <\/a><\/p>\n","protected":false},"excerpt":{"rendered":"<p>Endlich geht es los&#8230;. Die erste (!) Inspektion an der KTM mit \u00d6l- und \u00d6lfilterwechsel,<\/p>\n","protected":false},"author":1,"featured_media":0,"parent":3402,"menu_order":5,"comment_status":"open","ping_status":"open","template":"","meta":{"_bbp_topic_count":0,"_bbp_reply_count":0,"_bbp_total_topic_count":0,"_bbp_total_reply_count":0,"_bbp_voice_count":0,"_bbp_anonymous_reply_count":0,"_bbp_topic_count_hidden":0,"_bbp_reply_count_hidden":0,"_bbp_forum_subforum_count":0,"ngg_post_thumbnail":0,"footnotes":""},"class_list":["post-365","page","type-page","status-publish","hentry"],"_links":{"self":[{"href":"https:\/\/www.rettet-peter.de\/index.php?rest_route=\/wp\/v2\/pages\/365","targetHints":{"allow":["GET"]}}],"collection":[{"href":"https:\/\/www.rettet-peter.de\/index.php?rest_route=\/wp\/v2\/pages"}],"about":[{"href":"https:\/\/www.rettet-peter.de\/index.php?rest_route=\/wp\/v2\/types\/page"}],"author":[{"embeddable":true,"href":"https:\/\/www.rettet-peter.de\/index.php?rest_route=\/wp\/v2\/users\/1"}],"replies":[{"embeddable":true,"href":"https:\/\/www.rettet-peter.de\/index.php?rest_route=%2Fwp%2Fv2%2Fcomments&post=365"}],"version-history":[{"count":3,"href":"https:\/\/www.rettet-peter.de\/index.php?rest_route=\/wp\/v2\/pages\/365\/revisions"}],"predecessor-version":[{"id":969,"href":"https:\/\/www.rettet-peter.de\/index.php?rest_route=\/wp\/v2\/pages\/365\/revisions\/969"}],"up":[{"embeddable":true,"href":"https:\/\/www.rettet-peter.de\/index.php?rest_route=\/wp\/v2\/pages\/3402"}],"wp:attachment":[{"href":"https:\/\/www.rettet-peter.de\/index.php?rest_route=%2Fwp%2Fv2%2Fmedia&parent=365"}],"curies":[{"name":"wp","href":"https:\/\/api.w.org\/{rel}","templated":true}]}}