{"id":1012,"date":"2015-06-24T15:32:25","date_gmt":"2015-06-24T13:32:25","guid":{"rendered":"http:\/\/www.rettet-peter.de\/?product=ebc-bremsbelaege-hinterrad-fuer-gilera-saturno"},"modified":"2025-07-31T15:41:50","modified_gmt":"2025-07-31T13:41:50","slug":"ebc-bremsbelaege-hinterrad-fuer-gilera-saturno","status":"publish","type":"product","link":"https:\/\/www.rettet-peter.de\/?product=ebc-bremsbelaege-hinterrad-fuer-gilera-saturno","title":{"rendered":"EBC Bremsbel\u00e4ge Hinterrad"},"content":{"rendered":"<p><strong>EBC Bremsbel\u00e4ge Hinterrad f\u00fcr Gilera<\/strong><\/p>\n<p>EBC Bremskl\u00f6tze Standard<\/p>\n<p>Die EBC Version SK930\/ SK931\/ SK932\/ SK933\/ SK934 enthalten Aramid Fasern wie Dupont Kevlar\u00ae oder Twaron\u00ae , die 6 mal st\u00e4rker sind als Stahl , und sie sind v\u00f6llig asbestfrei . In der Produktion werden nur schadstoffarme Komponenten verwendet . Diese Standartmaterialen \u00fcbertreffen alle bisherigen EBC Standartqualit\u00e4ten .Die Materialmischungen einschliesslich der Aramid Fasern garantieren ein besseres Bremsverhalten . Hohe Reibwertstabilit\u00e4t und eine sehr gute Temperaturbest\u00e4ndigkeit . Die Lebensdauer ist sehr hoch , und der Scheibenangriff gering . Diese Qualit\u00e4ten behalten ihre hervorragenden Eigenschaften unter allen Wetterbedingungen .<br \/>\nEBC Standard Bremskl\u00f6tze sind T\u00dcV gepr\u00fcft und haben eine ABE .<\/p>\n<p><strong>Passend f\u00fcr die Modelle:<\/strong><\/p>\n<p>&#8211; Gilera Saturno, alle Baujahre<br \/>\n&#8211; Gilera Nordwest, alle Baujahre<br \/>\n&#8211; Gilera XRT, alle Baujahre<\/p>\n<p><strong> Technische Details:<\/strong><\/p>\n<p>&#8211; Standard-Bremsbel\u00e4ge<\/p>\n<p><strong> Lieferumfang:<\/strong><\/p>\n<p>&#8211; Bremsbelag Hinterrad<\/p>\n<p>Gilera Saturno Ersatzteilkatalog: 04 \/ 17.00 \/ Position: bei Nr. 15<br \/>\nGilera Nordwest Ersatzteilkatalog: 04 \/ 178.00 \/ Position: bei Nr. 12<br \/>\nGilera XRT Ersatzteilkatalog: 04 \/ 86.00 \/ Position: bei Nr. 9<\/p>\n","protected":false},"excerpt":{"rendered":"<p>EBC Bremsbel\u00e4ge Hinterrad f\u00fcr Gilera<\/p>\n","protected":false},"featured_media":1011,"comment_status":"open","ping_status":"closed","template":"","meta":{"_bbp_topic_count":0,"_bbp_reply_count":0,"_bbp_total_topic_count":0,"_bbp_total_reply_count":0,"_bbp_voice_count":0,"_bbp_anonymous_reply_count":0,"_bbp_topic_count_hidden":0,"_bbp_reply_count_hidden":0,"_bbp_forum_subforum_count":0,"ngg_post_thumbnail":0},"product_brand":[],"product_cat":[38,39,36],"product_tag":[],"class_list":{"0":"post-1012","1":"product","2":"type-product","3":"status-publish","4":"has-post-thumbnail","6":"product_cat-gilera-nordwest","7":"product_cat-gilera-saturno","8":"product_cat-gilera-xrt","10":"first","11":"instock","12":"shipping-taxable","13":"purchasable","14":"product-type-simple"},"_links":{"self":[{"href":"https:\/\/www.rettet-peter.de\/index.php?rest_route=\/wp\/v2\/product\/1012","targetHints":{"allow":["GET"]}}],"collection":[{"href":"https:\/\/www.rettet-peter.de\/index.php?rest_route=\/wp\/v2\/product"}],"about":[{"href":"https:\/\/www.rettet-peter.de\/index.php?rest_route=\/wp\/v2\/types\/product"}],"replies":[{"embeddable":true,"href":"https:\/\/www.rettet-peter.de\/index.php?rest_route=%2Fwp%2Fv2%2Fcomments&post=1012"}],"wp:featuredmedia":[{"embeddable":true,"href":"https:\/\/www.rettet-peter.de\/index.php?rest_route=\/wp\/v2\/media\/1011"}],"wp:attachment":[{"href":"https:\/\/www.rettet-peter.de\/index.php?rest_route=%2Fwp%2Fv2%2Fmedia&parent=1012"}],"wp:term":[{"taxonomy":"product_brand","embeddable":true,"href":"https:\/\/www.rettet-peter.de\/index.php?rest_route=%2Fwp%2Fv2%2Fproduct_brand&post=1012"},{"taxonomy":"product_cat","embeddable":true,"href":"https:\/\/www.rettet-peter.de\/index.php?rest_route=%2Fwp%2Fv2%2Fproduct_cat&post=1012"},{"taxonomy":"product_tag","embeddable":true,"href":"https:\/\/www.rettet-peter.de\/index.php?rest_route=%2Fwp%2Fv2%2Fproduct_tag&post=1012"}],"curies":[{"name":"wp","href":"https:\/\/api.w.org\/{rel}","templated":true}]}}