{"id":1013,"date":"2015-06-24T15:36:16","date_gmt":"2015-06-24T13:36:16","guid":{"rendered":"http:\/\/www.rettet-peter.de\/?product=ngk-zuendkerze-iridium-dpr9eix-9-fuer-gilera-saturno"},"modified":"2025-07-26T20:57:36","modified_gmt":"2025-07-26T18:57:36","slug":"ngk-zuendkerze-iridium-dpr9eix-9-fuer-gilera-saturno","status":"publish","type":"product","link":"https:\/\/www.rettet-peter.de\/?product=ngk-zuendkerze-iridium-dpr9eix-9-fuer-gilera-saturno","title":{"rendered":"NGK Z\u00fcndkerze"},"content":{"rendered":"<p><strong>NGK Z\u00fcndkerze Iridium DPR9EIX-9 f\u00fcr Gilera<\/strong><\/p>\n<p>NGK ist der weltweit f\u00fchrende Hersteller von Z\u00fcndkerzen.<\/p>\n<p>Modernste Produktionsanlagen, gro\u00dfe Investitionen in Forschung und Entwicklung, sowie das starke Engagement im Rennsport, von der Formel 1 bis zum Zweiradmotorsport, macht die NGK-Z\u00fcndkerze so erfolgreich.<\/p>\n<p><strong>Passend f\u00fcr die Modelle:<\/strong><\/p>\n<p>&#8211; Gilera Saturno, alle Baujahre<br \/>\n&#8211; Gilera Dakota, alle Baujahre<br \/>\n&#8211; Gilera XRT, alle Baujahre<\/p>\n<p><strong> Technische Details:<\/strong><\/p>\n<p>&#8211; Z\u00fcndkerze<\/p>\n<p><strong> Lieferumfang:<\/strong><\/p>\n<p>&#8211; Z\u00fcndkerze Iridium DPR9EIX-9<\/p>\n","protected":false},"excerpt":{"rendered":"<p>Z\u00fcndkerze Iridium DPR9EIX-9 f\u00fcr Gilera Saturno<\/p>\n","protected":false},"featured_media":1014,"comment_status":"open","ping_status":"closed","template":"","meta":{"_bbp_topic_count":0,"_bbp_reply_count":0,"_bbp_total_topic_count":0,"_bbp_total_reply_count":0,"_bbp_voice_count":0,"_bbp_anonymous_reply_count":0,"_bbp_topic_count_hidden":0,"_bbp_reply_count_hidden":0,"_bbp_forum_subforum_count":0,"ngg_post_thumbnail":0},"product_brand":[],"product_cat":[40,39,36],"product_tag":[],"class_list":{"0":"post-1013","1":"product","2":"type-product","3":"status-publish","4":"has-post-thumbnail","6":"product_cat-gilera-dakota","7":"product_cat-gilera-saturno","8":"product_cat-gilera-xrt","10":"first","11":"instock","12":"shipping-taxable","13":"purchasable","14":"product-type-simple"},"_links":{"self":[{"href":"https:\/\/www.rettet-peter.de\/index.php?rest_route=\/wp\/v2\/product\/1013","targetHints":{"allow":["GET"]}}],"collection":[{"href":"https:\/\/www.rettet-peter.de\/index.php?rest_route=\/wp\/v2\/product"}],"about":[{"href":"https:\/\/www.rettet-peter.de\/index.php?rest_route=\/wp\/v2\/types\/product"}],"replies":[{"embeddable":true,"href":"https:\/\/www.rettet-peter.de\/index.php?rest_route=%2Fwp%2Fv2%2Fcomments&post=1013"}],"wp:featuredmedia":[{"embeddable":true,"href":"https:\/\/www.rettet-peter.de\/index.php?rest_route=\/wp\/v2\/media\/1014"}],"wp:attachment":[{"href":"https:\/\/www.rettet-peter.de\/index.php?rest_route=%2Fwp%2Fv2%2Fmedia&parent=1013"}],"wp:term":[{"taxonomy":"product_brand","embeddable":true,"href":"https:\/\/www.rettet-peter.de\/index.php?rest_route=%2Fwp%2Fv2%2Fproduct_brand&post=1013"},{"taxonomy":"product_cat","embeddable":true,"href":"https:\/\/www.rettet-peter.de\/index.php?rest_route=%2Fwp%2Fv2%2Fproduct_cat&post=1013"},{"taxonomy":"product_tag","embeddable":true,"href":"https:\/\/www.rettet-peter.de\/index.php?rest_route=%2Fwp%2Fv2%2Fproduct_tag&post=1013"}],"curies":[{"name":"wp","href":"https:\/\/api.w.org\/{rel}","templated":true}]}}