{"id":1015,"date":"2015-06-24T15:39:22","date_gmt":"2015-06-24T13:39:22","guid":{"rendered":"http:\/\/www.rettet-peter.de\/?product=simmeringsatz-gabel-fuer-gilera-saturno"},"modified":"2025-06-11T09:19:39","modified_gmt":"2025-06-11T07:19:39","slug":"simmeringsatz-gabel-fuer-gilera-saturno","status":"publish","type":"product","link":"https:\/\/www.rettet-peter.de\/?product=simmeringsatz-gabel-fuer-gilera-saturno","title":{"rendered":"Simmeringsatz Gabel"},"content":{"rendered":"<p><strong>Simmeringsatz Gabel f\u00fcr Gilera Saturno<\/strong><\/p>\n<p>ARI Gabeldichtring-Satz Die Qualit\u00e4t ihrer Ausf\u00fchrung wird durch die einzigartige Natur des verwendeten Materials (XNBR) abgestimmt. Die Gabelsimmeringe bieten einzigartige Eigenschaften und finden ihren Einsatz in modernen Gabeln von Motorr\u00e4dern und Rollern: &#8211; Best\u00e4ndigkeit gegen Abrieb und hohe Temperaturen Abmessungen : ( 40&#215;52\/52.7&#215;10\/10.5 ) mm ARI Gabelsimmeringe entsprechen sowohl in Qualit\u00e4t als auch von der Bema\u00dfung der OE Qualit\u00e4t. Daraus ergibt sich die bestm\u00f6gliche Abdichtung unter allen Stra\u00dfen- und Klimabedingungen. Die Gabelsimmeringe finden Verwendung im t\u00e4glichen Einsatz, im Rennsport oder auch in Oldtimern.<\/p>\n<p><strong>Passend f\u00fcr die Modelle:<\/strong><\/p>\n<p>&#8211; Gilera Saturno, alle Baujahre<\/p>\n<p><strong> Technische Details:<\/strong><\/p>\n<p>&#8211; Simmeringsatz, 2 St\u00fcck<\/p>\n<p><strong> Lieferumfang:<\/strong><\/p>\n<p>&#8211; Simmeringsatz, 2 St\u00fcck<\/p>\n","protected":false},"excerpt":{"rendered":"<p>Simmeringsatz Gabel f\u00fcr Gilera Saturno ARI Gabeldichtring-Satz Die Qualit\u00e4t ihrer Ausf\u00fchrung wird durch die einzigartige<\/p>\n","protected":false},"featured_media":4123,"comment_status":"open","ping_status":"closed","template":"","meta":{"_bbp_topic_count":0,"_bbp_reply_count":0,"_bbp_total_topic_count":0,"_bbp_total_reply_count":0,"_bbp_voice_count":0,"_bbp_anonymous_reply_count":0,"_bbp_topic_count_hidden":0,"_bbp_reply_count_hidden":0,"_bbp_forum_subforum_count":0,"ngg_post_thumbnail":0},"product_brand":[],"product_cat":[39],"product_tag":[],"class_list":{"0":"post-1015","1":"product","2":"type-product","3":"status-publish","4":"has-post-thumbnail","6":"product_cat-gilera-saturno","8":"first","9":"instock","10":"shipping-taxable","11":"purchasable","12":"product-type-simple"},"_links":{"self":[{"href":"https:\/\/www.rettet-peter.de\/index.php?rest_route=\/wp\/v2\/product\/1015","targetHints":{"allow":["GET"]}}],"collection":[{"href":"https:\/\/www.rettet-peter.de\/index.php?rest_route=\/wp\/v2\/product"}],"about":[{"href":"https:\/\/www.rettet-peter.de\/index.php?rest_route=\/wp\/v2\/types\/product"}],"replies":[{"embeddable":true,"href":"https:\/\/www.rettet-peter.de\/index.php?rest_route=%2Fwp%2Fv2%2Fcomments&post=1015"}],"wp:featuredmedia":[{"embeddable":true,"href":"https:\/\/www.rettet-peter.de\/index.php?rest_route=\/wp\/v2\/media\/4123"}],"wp:attachment":[{"href":"https:\/\/www.rettet-peter.de\/index.php?rest_route=%2Fwp%2Fv2%2Fmedia&parent=1015"}],"wp:term":[{"taxonomy":"product_brand","embeddable":true,"href":"https:\/\/www.rettet-peter.de\/index.php?rest_route=%2Fwp%2Fv2%2Fproduct_brand&post=1015"},{"taxonomy":"product_cat","embeddable":true,"href":"https:\/\/www.rettet-peter.de\/index.php?rest_route=%2Fwp%2Fv2%2Fproduct_cat&post=1015"},{"taxonomy":"product_tag","embeddable":true,"href":"https:\/\/www.rettet-peter.de\/index.php?rest_route=%2Fwp%2Fv2%2Fproduct_tag&post=1015"}],"curies":[{"name":"wp","href":"https:\/\/api.w.org\/{rel}","templated":true}]}}