{"id":1021,"date":"2015-06-25T13:14:02","date_gmt":"2015-06-25T11:14:02","guid":{"rendered":"http:\/\/www.rettet-peter.de\/?product=gleitlager-tup1-24x27x20"},"modified":"2025-06-05T15:30:02","modified_gmt":"2025-06-05T13:30:02","slug":"gleitlager-tup1-24x27x20","status":"publish","type":"product","link":"https:\/\/www.rettet-peter.de\/?product=gleitlager-tup1-24x27x20","title":{"rendered":"Gleitlager TUP1 24x27x20"},"content":{"rendered":"<p><strong>Gleitlager TUP1 24x27x20 f\u00fcr Gilera Saturno<br \/>\n<\/strong><\/p>\n<p>Gleitlager TUP1 24x27x20 f\u00fcr Halterung Bremssattel.<\/p>\n<p><strong>Passend f\u00fcr die Modelle:<\/strong><\/p>\n<p>&#8211; Gilera Saturno, alle Baujahre<\/p>\n<p><strong> Technische Details:<\/strong><\/p>\n<p>&#8211; Gleitlager TUP1<\/p>\n<p><strong> Lieferumfang:<\/strong><\/p>\n<p>&#8211; 1 x Gleitlager<\/p>\n","protected":false},"excerpt":{"rendered":"<p>Gleitlager TUP1 24x27x20 f\u00fcr Gilera Saturno Gleitlager TUP1 24x27x20 f\u00fcr Halterung Bremssattel. Passend f\u00fcr die<\/p>\n","protected":false},"featured_media":1045,"comment_status":"open","ping_status":"closed","template":"","meta":{"_bbp_topic_count":0,"_bbp_reply_count":0,"_bbp_total_topic_count":0,"_bbp_total_reply_count":0,"_bbp_voice_count":0,"_bbp_anonymous_reply_count":0,"_bbp_topic_count_hidden":0,"_bbp_reply_count_hidden":0,"_bbp_forum_subforum_count":0,"ngg_post_thumbnail":0},"product_brand":[],"product_cat":[39],"product_tag":[],"class_list":{"0":"post-1021","1":"product","2":"type-product","3":"status-publish","4":"has-post-thumbnail","6":"product_cat-gilera-saturno","8":"first","9":"instock","10":"shipping-taxable","11":"purchasable","12":"product-type-simple"},"_links":{"self":[{"href":"https:\/\/www.rettet-peter.de\/index.php?rest_route=\/wp\/v2\/product\/1021","targetHints":{"allow":["GET"]}}],"collection":[{"href":"https:\/\/www.rettet-peter.de\/index.php?rest_route=\/wp\/v2\/product"}],"about":[{"href":"https:\/\/www.rettet-peter.de\/index.php?rest_route=\/wp\/v2\/types\/product"}],"replies":[{"embeddable":true,"href":"https:\/\/www.rettet-peter.de\/index.php?rest_route=%2Fwp%2Fv2%2Fcomments&post=1021"}],"wp:featuredmedia":[{"embeddable":true,"href":"https:\/\/www.rettet-peter.de\/index.php?rest_route=\/wp\/v2\/media\/1045"}],"wp:attachment":[{"href":"https:\/\/www.rettet-peter.de\/index.php?rest_route=%2Fwp%2Fv2%2Fmedia&parent=1021"}],"wp:term":[{"taxonomy":"product_brand","embeddable":true,"href":"https:\/\/www.rettet-peter.de\/index.php?rest_route=%2Fwp%2Fv2%2Fproduct_brand&post=1021"},{"taxonomy":"product_cat","embeddable":true,"href":"https:\/\/www.rettet-peter.de\/index.php?rest_route=%2Fwp%2Fv2%2Fproduct_cat&post=1021"},{"taxonomy":"product_tag","embeddable":true,"href":"https:\/\/www.rettet-peter.de\/index.php?rest_route=%2Fwp%2Fv2%2Fproduct_tag&post=1021"}],"curies":[{"name":"wp","href":"https:\/\/api.w.org\/{rel}","templated":true}]}}