{"id":1032,"date":"2015-07-17T12:05:01","date_gmt":"2015-07-17T10:05:01","guid":{"rendered":"http:\/\/www.rettet-peter.de\/?product=staubkappen-gabel-fuer-gilera-saturno"},"modified":"2025-07-26T19:00:02","modified_gmt":"2025-07-26T17:00:02","slug":"staubkappen-gabel-fuer-gilera-saturno","status":"publish","type":"product","link":"https:\/\/www.rettet-peter.de\/?product=staubkappen-gabel-fuer-gilera-saturno","title":{"rendered":"Staubkappen Gabel"},"content":{"rendered":"<p><strong>Simmeringsatz Gabel f\u00fcr Gilera Saturno<\/strong><\/p>\n<p>Staubkappensatz von Athena, passend f\u00fcr Gilera Saturno Gabel.<\/p>\n<p><strong>Passend f\u00fcr die Modelle:<\/strong><\/p>\n<p>&#8211; Gilera Saturno, alle Baujahre<\/p>\n<p><strong> Technische Details:<\/strong><\/p>\n<p>&#8211; Simmeringsatz, 2 St\u00fcck<\/p>\n<p><strong> Lieferumfang:<\/strong><\/p>\n<p>&#8211; Staubkappengsatz, 2 St\u00fcck<\/p>\n","protected":false},"excerpt":{"rendered":"<p>Simmeringsatz Gabel f\u00fcr Gilera Saturno Staubkappensatz von Athena, passend f\u00fcr Gilera Saturno Gabel. Passend f\u00fcr<\/p>\n","protected":false},"featured_media":4131,"comment_status":"open","ping_status":"closed","template":"","meta":{"_bbp_topic_count":0,"_bbp_reply_count":0,"_bbp_total_topic_count":0,"_bbp_total_reply_count":0,"_bbp_voice_count":0,"_bbp_anonymous_reply_count":0,"_bbp_topic_count_hidden":0,"_bbp_reply_count_hidden":0,"_bbp_forum_subforum_count":0,"ngg_post_thumbnail":0},"product_brand":[],"product_cat":[39],"product_tag":[],"class_list":{"0":"post-1032","1":"product","2":"type-product","3":"status-publish","4":"has-post-thumbnail","6":"product_cat-gilera-saturno","8":"first","9":"instock","10":"shipping-taxable","11":"purchasable","12":"product-type-simple"},"_links":{"self":[{"href":"https:\/\/www.rettet-peter.de\/index.php?rest_route=\/wp\/v2\/product\/1032","targetHints":{"allow":["GET"]}}],"collection":[{"href":"https:\/\/www.rettet-peter.de\/index.php?rest_route=\/wp\/v2\/product"}],"about":[{"href":"https:\/\/www.rettet-peter.de\/index.php?rest_route=\/wp\/v2\/types\/product"}],"replies":[{"embeddable":true,"href":"https:\/\/www.rettet-peter.de\/index.php?rest_route=%2Fwp%2Fv2%2Fcomments&post=1032"}],"wp:featuredmedia":[{"embeddable":true,"href":"https:\/\/www.rettet-peter.de\/index.php?rest_route=\/wp\/v2\/media\/4131"}],"wp:attachment":[{"href":"https:\/\/www.rettet-peter.de\/index.php?rest_route=%2Fwp%2Fv2%2Fmedia&parent=1032"}],"wp:term":[{"taxonomy":"product_brand","embeddable":true,"href":"https:\/\/www.rettet-peter.de\/index.php?rest_route=%2Fwp%2Fv2%2Fproduct_brand&post=1032"},{"taxonomy":"product_cat","embeddable":true,"href":"https:\/\/www.rettet-peter.de\/index.php?rest_route=%2Fwp%2Fv2%2Fproduct_cat&post=1032"},{"taxonomy":"product_tag","embeddable":true,"href":"https:\/\/www.rettet-peter.de\/index.php?rest_route=%2Fwp%2Fv2%2Fproduct_tag&post=1032"}],"curies":[{"name":"wp","href":"https:\/\/api.w.org\/{rel}","templated":true}]}}