{"id":1039,"date":"2015-07-24T15:02:26","date_gmt":"2015-07-24T13:02:26","guid":{"rendered":"http:\/\/www.rettet-peter.de\/?product=athena-kruemmerdichtung-fuer-gilera-600er-motoren-2"},"modified":"2026-04-13T12:52:21","modified_gmt":"2026-04-13T10:52:21","slug":"athena-kruemmerdichtung-fuer-gilera-600er-motoren-2","status":"publish","type":"product","link":"https:\/\/www.rettet-peter.de\/?product=athena-kruemmerdichtung-fuer-gilera-600er-motoren-2","title":{"rendered":"Athena Kr\u00fcmmerdichtung"},"content":{"rendered":"<p><strong>Athena Kr\u00fcmmerdichtung f\u00fcr Gilera 350er bis 600er Motoren<br \/>\n<\/strong><\/p>\n<p>Athena ist Erstausr\u00fcster f\u00fchrender italienischer Motorradhersteller.<br \/>\nDie Dichtungen werden nach europ\u00e4ischem Qualit\u00e4tsstandard ISO 9000 gefertigt und stehen so unter st\u00e4ndiger Qualit\u00e4tskontrolle.<br \/>\nGleichbleibende Qualit\u00e4t ist somit gew\u00e4hrleistet. Hochwertige Materialien, sowie Reinz- und Elring-Dichtungspapier sprechen f\u00fcr sich.<\/p>\n<p><strong>Passend f\u00fcr die Modelle:<\/strong><\/p>\n<p>&#8211; Gilera XRT, alle Baujahre<br \/>\n&#8211; Gilera RC, alle Baujahre<br \/>\n&#8211; Gilera RC\/C, alle Baujahre<br \/>\n&#8211; Gilera RC \/ R, alle Baujahre<br \/>\n&#8211; Gilera Nordwest, alle Baujahre<br \/>\n&#8211; Gilera Saturno, alle Baujahre<br \/>\n&#8211; Gilera Dakota, alle Baujahre<\/p>\n<p><strong> Technische Details:<\/strong><\/p>\n<p>&#8211; Kr\u00fcmmerdichtung von Athena<\/p>\n<p><strong> Lieferumfang:<\/strong><\/p>\n<p>&#8211; 1 St\u00fcck, 2,5 mm<\/p>\n<p>Abbildung \u00e4hnlich!<\/p>\n","protected":false},"excerpt":{"rendered":"<p>Kr\u00fcmmerdichtung<\/p>\n","protected":false},"featured_media":4124,"comment_status":"open","ping_status":"closed","template":"","meta":{"_bbp_topic_count":0,"_bbp_reply_count":0,"_bbp_total_topic_count":0,"_bbp_total_reply_count":0,"_bbp_voice_count":0,"_bbp_anonymous_reply_count":0,"_bbp_topic_count_hidden":0,"_bbp_reply_count_hidden":0,"_bbp_forum_subforum_count":0,"ngg_post_thumbnail":0},"product_brand":[],"product_cat":[40,38,37,83,88,77,39,36],"product_tag":[],"class_list":{"0":"post-1039","1":"product","2":"type-product","3":"status-publish","4":"has-post-thumbnail","6":"product_cat-gilera-dakota","7":"product_cat-gilera-nordwest","8":"product_cat-gilera-rc","9":"product_cat-gilera-rc-c","10":"product_cat-gilera-rc-r","11":"product_cat-gilera-rp","12":"product_cat-gilera-saturno","13":"product_cat-gilera-xrt","15":"first","16":"instock","17":"shipping-taxable","18":"purchasable","19":"product-type-simple"},"_links":{"self":[{"href":"https:\/\/www.rettet-peter.de\/index.php?rest_route=\/wp\/v2\/product\/1039","targetHints":{"allow":["GET"]}}],"collection":[{"href":"https:\/\/www.rettet-peter.de\/index.php?rest_route=\/wp\/v2\/product"}],"about":[{"href":"https:\/\/www.rettet-peter.de\/index.php?rest_route=\/wp\/v2\/types\/product"}],"replies":[{"embeddable":true,"href":"https:\/\/www.rettet-peter.de\/index.php?rest_route=%2Fwp%2Fv2%2Fcomments&post=1039"}],"wp:featuredmedia":[{"embeddable":true,"href":"https:\/\/www.rettet-peter.de\/index.php?rest_route=\/wp\/v2\/media\/4124"}],"wp:attachment":[{"href":"https:\/\/www.rettet-peter.de\/index.php?rest_route=%2Fwp%2Fv2%2Fmedia&parent=1039"}],"wp:term":[{"taxonomy":"product_brand","embeddable":true,"href":"https:\/\/www.rettet-peter.de\/index.php?rest_route=%2Fwp%2Fv2%2Fproduct_brand&post=1039"},{"taxonomy":"product_cat","embeddable":true,"href":"https:\/\/www.rettet-peter.de\/index.php?rest_route=%2Fwp%2Fv2%2Fproduct_cat&post=1039"},{"taxonomy":"product_tag","embeddable":true,"href":"https:\/\/www.rettet-peter.de\/index.php?rest_route=%2Fwp%2Fv2%2Fproduct_tag&post=1039"}],"curies":[{"name":"wp","href":"https:\/\/api.w.org\/{rel}","templated":true}]}}