{"id":4367,"date":"2025-07-09T15:54:20","date_gmt":"2025-07-09T13:54:20","guid":{"rendered":"https:\/\/www.rettet-peter.de\/?post_type=product&#038;p=4367"},"modified":"2025-09-08T09:50:39","modified_gmt":"2025-09-08T07:50:39","slug":"rueckstellfeder-seitenstaender","status":"publish","type":"product","link":"https:\/\/www.rettet-peter.de\/?product=rueckstellfeder-seitenstaender","title":{"rendered":"R\u00fcckstellfeder Seitenst\u00e4nder"},"content":{"rendered":"<p><strong>Feder Seitenst\u00e4nder<\/strong><\/p>\n<p>Original Ersatzteil von Gilera, zur Montage am Seitenst\u00e4nder, Katalognummer 316957.<br \/>\n\u00dcberarbeitet, chemisch entlackt und galvanisch verzinkt. Zustand eines Neuteils!<br \/>\nAbbildung \u00e4hnlich!<\/p>\n<p><strong>Geeignet f\u00fcr:<\/strong><\/p>\n<p>&#8211; Gilera Nordwest<br \/>\n&#8211; Gilera RC \/ C<br \/>\n&#8211; Gilera RC<\/p>\n<p><strong>Lieferumfang:<\/strong><\/p>\n<p>&#8211; 1 St\u00fcck<\/p>\n<p>Gilera Nordwest Ersatzteilkatalog: 04 \/ 166.00 \/ Position: 13<br \/>\nGilera RC \/ C Ersatzteilkatalog: 04 \/ 124.00 \/ Position: 13<br \/>\nGilera RC Ersatzteilkatalog: 04 \/ 97.00 \/ Position: 13<\/p>\n","protected":false},"excerpt":{"rendered":"<p>R\u00fcckstellfeder Seitenst\u00e4nder<\/p>\n","protected":false},"featured_media":980,"comment_status":"open","ping_status":"closed","template":"","meta":{"_bbp_topic_count":0,"_bbp_reply_count":0,"_bbp_total_topic_count":0,"_bbp_total_reply_count":0,"_bbp_voice_count":0,"_bbp_anonymous_reply_count":0,"_bbp_topic_count_hidden":0,"_bbp_reply_count_hidden":0,"_bbp_forum_subforum_count":0,"ngg_post_thumbnail":0},"product_brand":[],"product_cat":[38,37,83],"product_tag":[],"class_list":{"0":"post-4367","1":"product","2":"type-product","3":"status-publish","4":"has-post-thumbnail","6":"product_cat-gilera-nordwest","7":"product_cat-gilera-rc","8":"product_cat-gilera-rc-c","10":"first","11":"instock","12":"shipping-taxable","13":"purchasable","14":"product-type-simple"},"_links":{"self":[{"href":"https:\/\/www.rettet-peter.de\/index.php?rest_route=\/wp\/v2\/product\/4367","targetHints":{"allow":["GET"]}}],"collection":[{"href":"https:\/\/www.rettet-peter.de\/index.php?rest_route=\/wp\/v2\/product"}],"about":[{"href":"https:\/\/www.rettet-peter.de\/index.php?rest_route=\/wp\/v2\/types\/product"}],"replies":[{"embeddable":true,"href":"https:\/\/www.rettet-peter.de\/index.php?rest_route=%2Fwp%2Fv2%2Fcomments&post=4367"}],"wp:featuredmedia":[{"embeddable":true,"href":"https:\/\/www.rettet-peter.de\/index.php?rest_route=\/wp\/v2\/media\/980"}],"wp:attachment":[{"href":"https:\/\/www.rettet-peter.de\/index.php?rest_route=%2Fwp%2Fv2%2Fmedia&parent=4367"}],"wp:term":[{"taxonomy":"product_brand","embeddable":true,"href":"https:\/\/www.rettet-peter.de\/index.php?rest_route=%2Fwp%2Fv2%2Fproduct_brand&post=4367"},{"taxonomy":"product_cat","embeddable":true,"href":"https:\/\/www.rettet-peter.de\/index.php?rest_route=%2Fwp%2Fv2%2Fproduct_cat&post=4367"},{"taxonomy":"product_tag","embeddable":true,"href":"https:\/\/www.rettet-peter.de\/index.php?rest_route=%2Fwp%2Fv2%2Fproduct_tag&post=4367"}],"curies":[{"name":"wp","href":"https:\/\/api.w.org\/{rel}","templated":true}]}}