{"id":4500,"date":"2025-08-18T12:36:42","date_gmt":"2025-08-18T10:36:42","guid":{"rendered":"https:\/\/www.rettet-peter.de\/?post_type=product&#038;p=4500"},"modified":"2025-08-18T12:39:55","modified_gmt":"2025-08-18T10:39:55","slug":"ngk-zuendkerze-4","status":"publish","type":"product","link":"https:\/\/www.rettet-peter.de\/?product=ngk-zuendkerze-4","title":{"rendered":"NGK Z\u00fcndkerze"},"content":{"rendered":"<p><strong>NGK Z\u00fcndkerze DPR8EA9 f\u00fcr Gilera Saturno <\/strong><\/p>\n<p>NGK ist der weltweit f\u00fchrende Hersteller von Z\u00fcndkerzen.<\/p>\n<p>Modernste Produktionsanlagen, gro\u00dfe Investitionen in Forschung und Entwicklung, sowie das starke Engagement im Rennsport, von der Formel 1 bis zum Zweiradmotorsport, macht die NGK-Z\u00fcndkerze so erfolgreich.<\/p>\n<p><strong>Passend f\u00fcr die Modelle:<\/strong><\/p>\n<p>&#8211; Gilera Saturno, alle Baujahre<\/p>\n<p><strong>Technische Details:<\/strong><\/p>\n<p>&#8211; NGK Z\u00fcndkerze<\/p>\n<p><strong>Lieferumfang:<\/strong><\/p>\n<p>&#8211; Z\u00fcndkerze DPR8EA9<\/p>\n","protected":false},"excerpt":{"rendered":"<p>NGK Z\u00fcndkerze<\/p>\n","protected":false},"featured_media":907,"comment_status":"open","ping_status":"closed","template":"","meta":{"_bbp_topic_count":0,"_bbp_reply_count":0,"_bbp_total_topic_count":0,"_bbp_total_reply_count":0,"_bbp_voice_count":0,"_bbp_anonymous_reply_count":0,"_bbp_topic_count_hidden":0,"_bbp_reply_count_hidden":0,"_bbp_forum_subforum_count":0,"ngg_post_thumbnail":0},"product_brand":[],"product_cat":[39,36],"product_tag":[],"class_list":{"0":"post-4500","1":"product","2":"type-product","3":"status-publish","4":"has-post-thumbnail","6":"product_cat-gilera-saturno","7":"product_cat-gilera-xrt","9":"first","10":"instock","11":"shipping-taxable","12":"purchasable","13":"product-type-simple"},"_links":{"self":[{"href":"https:\/\/www.rettet-peter.de\/index.php?rest_route=\/wp\/v2\/product\/4500","targetHints":{"allow":["GET"]}}],"collection":[{"href":"https:\/\/www.rettet-peter.de\/index.php?rest_route=\/wp\/v2\/product"}],"about":[{"href":"https:\/\/www.rettet-peter.de\/index.php?rest_route=\/wp\/v2\/types\/product"}],"replies":[{"embeddable":true,"href":"https:\/\/www.rettet-peter.de\/index.php?rest_route=%2Fwp%2Fv2%2Fcomments&post=4500"}],"wp:featuredmedia":[{"embeddable":true,"href":"https:\/\/www.rettet-peter.de\/index.php?rest_route=\/wp\/v2\/media\/907"}],"wp:attachment":[{"href":"https:\/\/www.rettet-peter.de\/index.php?rest_route=%2Fwp%2Fv2%2Fmedia&parent=4500"}],"wp:term":[{"taxonomy":"product_brand","embeddable":true,"href":"https:\/\/www.rettet-peter.de\/index.php?rest_route=%2Fwp%2Fv2%2Fproduct_brand&post=4500"},{"taxonomy":"product_cat","embeddable":true,"href":"https:\/\/www.rettet-peter.de\/index.php?rest_route=%2Fwp%2Fv2%2Fproduct_cat&post=4500"},{"taxonomy":"product_tag","embeddable":true,"href":"https:\/\/www.rettet-peter.de\/index.php?rest_route=%2Fwp%2Fv2%2Fproduct_tag&post=4500"}],"curies":[{"name":"wp","href":"https:\/\/api.w.org\/{rel}","templated":true}]}}