{"id":5012,"date":"2026-03-01T20:05:33","date_gmt":"2026-03-01T18:05:33","guid":{"rendered":"https:\/\/www.rettet-peter.de\/?post_type=product&#038;p=5012"},"modified":"2026-03-01T20:07:23","modified_gmt":"2026-03-01T18:07:23","slug":"gilera-saturno-anniversary","status":"publish","type":"product","link":"https:\/\/www.rettet-peter.de\/?product=gilera-saturno-anniversary","title":{"rendered":"Gilera Saturno Anniversary"},"content":{"rendered":"<p>Biete hier eine sehr seltene Gilera Saturno Bialbero Anniversary 500 in gutem bis sehr gutem Zustand an. Das Motorrad ist aus 2. Hand, Erstzulassung 1995 in der Schweiz, im Jahr 2008 importiert nach Deutschland und im Besitz des aktuellen Halters.<\/p>\n<p>Das Fahrzeug ist verzollt und versteuert!<\/p>\n<p>Die Saturno ist in einem optisch als auch technisch sehr sch\u00f6nen Zustand und nach meinem Wissen ohne M\u00e4ngel.<\/p>\n<p>Das Motorrad hat ca. 31.700 KM gelaufen, was dem technischen als auch optischen Zustand entspricht. Es gibt kleinere Gebrauchsspuren die f\u00fcr dem Alter und Baujahr entsprechen.<\/p>\n<p>Zu dem Motorrad gibt es einige Rechnungen von Fachwerkst\u00e4tten und T\u00dcV-Berichte, welche die Laufleistung belegen.<br \/>\nFahrzeug seit 2008 in zweiter Hand, es liegen einige T\u00dcV-Berichte von 08\/2008, 06\/2011, 04\/2025,<\/p>\n<p>Diese belegen absolut nachweisbar die Laufleistung von 31.700 KM.<br \/>\nDie Gilera ist sofort fahrbereit, der Motor springt zuverl\u00e4ssig an und l\u00e4uft rund, alle elektrischen Systeme funktionieren einwandfrei.<\/p>\n<p>Vor wenigen Tagen wurden folgende Punkte unter anderem in einer Fachwerkstatt erledigt:<\/p>\n<p>Neuer T\u00dcV bis 04\/2027<br \/>\nZahnriemenwechsel<br \/>\nK&#038;N Luftfilter<br \/>\n\u00d6lwechsel mit Filter<br \/>\nNeue Batterie<\/p>\n<p>Es ist eine Nology-Z\u00fcndanlage sowie Stahlflex-Bremsleitungen an Vorder- und Hinterradbremse verbaut.<\/p>\n<p>Wegen der Nachfragen: Beim Wechsel des Zahnriemens wurde die Wasserpumpe gepr\u00fcft und diese l\u00e4uft leicht, absolut ger\u00e4uschlos und ist dicht. Elektrostarter funktioniert einwandfrei, Gummis alle in gutem Zustand.<\/p>\n<p>Die Gilera Saturno hat T\u00dcV bis 04\/2027.<\/p>\n<p>Bei Fragen gerne eine Nachricht an mich per eMail an info @ rettet-peter.de.<\/p>\n","protected":false},"excerpt":{"rendered":"<p>Gilera Saturno Anniversary<\/p>\n","protected":false},"featured_media":4928,"comment_status":"open","ping_status":"closed","template":"","meta":{"_bbp_topic_count":0,"_bbp_reply_count":0,"_bbp_total_topic_count":0,"_bbp_total_reply_count":0,"_bbp_voice_count":0,"_bbp_anonymous_reply_count":0,"_bbp_topic_count_hidden":0,"_bbp_reply_count_hidden":0,"_bbp_forum_subforum_count":0,"ngg_post_thumbnail":0},"product_brand":[],"product_cat":[87],"product_tag":[],"class_list":{"0":"post-5012","1":"product","2":"type-product","3":"status-publish","4":"has-post-thumbnail","6":"product_cat-fahrzeuge","8":"first","9":"instock","10":"shipping-taxable","11":"purchasable","12":"product-type-simple"},"_links":{"self":[{"href":"https:\/\/www.rettet-peter.de\/index.php?rest_route=\/wp\/v2\/product\/5012","targetHints":{"allow":["GET"]}}],"collection":[{"href":"https:\/\/www.rettet-peter.de\/index.php?rest_route=\/wp\/v2\/product"}],"about":[{"href":"https:\/\/www.rettet-peter.de\/index.php?rest_route=\/wp\/v2\/types\/product"}],"replies":[{"embeddable":true,"href":"https:\/\/www.rettet-peter.de\/index.php?rest_route=%2Fwp%2Fv2%2Fcomments&post=5012"}],"wp:featuredmedia":[{"embeddable":true,"href":"https:\/\/www.rettet-peter.de\/index.php?rest_route=\/wp\/v2\/media\/4928"}],"wp:attachment":[{"href":"https:\/\/www.rettet-peter.de\/index.php?rest_route=%2Fwp%2Fv2%2Fmedia&parent=5012"}],"wp:term":[{"taxonomy":"product_brand","embeddable":true,"href":"https:\/\/www.rettet-peter.de\/index.php?rest_route=%2Fwp%2Fv2%2Fproduct_brand&post=5012"},{"taxonomy":"product_cat","embeddable":true,"href":"https:\/\/www.rettet-peter.de\/index.php?rest_route=%2Fwp%2Fv2%2Fproduct_cat&post=5012"},{"taxonomy":"product_tag","embeddable":true,"href":"https:\/\/www.rettet-peter.de\/index.php?rest_route=%2Fwp%2Fv2%2Fproduct_tag&post=5012"}],"curies":[{"name":"wp","href":"https:\/\/api.w.org\/{rel}","templated":true}]}}