{"id":5013,"date":"2026-03-01T20:09:30","date_gmt":"2026-03-01T18:09:30","guid":{"rendered":"https:\/\/www.rettet-peter.de\/?post_type=product&#038;p=5013"},"modified":"2026-03-01T20:09:31","modified_gmt":"2026-03-01T18:09:31","slug":"gilera-saturno-500-bialbero","status":"publish","type":"product","link":"https:\/\/www.rettet-peter.de\/?product=gilera-saturno-500-bialbero","title":{"rendered":"Gilera Saturno 500 Bialbero"},"content":{"rendered":"<p>Biete hier eine Gilera Saturno Bialbero 500 in gutem bis sehr gutem Zustand an. Das Motorrad ist aus 2. Hand, Erstzulassung 1989, ab 1992 im Besitz des aktuellen Halters.<\/p>\n<p>Die Saturno ist in einem optisch als auch technisch sehr sch\u00f6nen Zustand und nach meinem Wissen ohne M\u00e4ngel. Die Verkleidung wurde durch einen Fachbetrieb im Jahr 2014 nachlackiert.<\/p>\n<p>Das Motorrad hat ca. 15.500 KM gelaufen, was man am technischen als auch optischen Zustand sehr gut nachvollziehen kann. Zus\u00e4tzlich gibt es einige Rechnungen von Fachwerkst\u00e4tten und T\u00dcV-Berichte, welche die Laufleistung belegen.<br \/>\nFahrzeug seit 1992 in zweiter Hand, original Fahrzeugbrief vorhanden. Zus\u00e4tzlich T\u00dcV-Berichte von 06\/1994, 06\/1996, 08\/2000, 04\/2003, 06\/2004, 07\/2006, 12\/2008, 05\/2010, 10\/2012, 07\/2015, 04\/2018, 04\/2020, 05\/2025. <\/p>\n<p>Diese belegen absolut nachweisbar die Laufleistung von 15.500 KM.<br \/>\nDie Gilera ist sofort fahrbereit, der Motor springt zuverl\u00e4ssig an und l\u00e4uft rund, alle elektrischen Systeme funktionieren einwandfrei. Zur Zeit ist die italienische Version des Endtopf verbaut.<\/p>\n<p>Vor wenigen Tagen wurden folgende Punkte unter anderem in einer Fachwerkstatt erledigt:<\/p>\n<p>&#8211; Neuer T\u00dcV bis 05\/2027<br \/>\n&#8211; Zahnriemenwechsel<br \/>\n&#8211; \u00d6lwechsel mit Filter<br \/>\n&#8211; Neuer Luftfilter<br \/>\n&#8211; Neue Z\u00fcndkerze<br \/>\n&#8211; Bremsfl\u00fcssigkeitswechsel vorne und hinten<br \/>\n&#8211; 4 neue Blinker<\/p>\n<p>Wegen der Nachfragen: Beim Wechsel des Zahnriemens wurde die Wasserpumpe gepr\u00fcft und diese l\u00e4uft leicht, absolut ger\u00e4uschlos und ist dicht. Elektrostarter funktioniert einwandfrei, Gummis alle in gutem Zustand.<\/p>\n<p>Die Gilera Saturno hat T\u00dcV bis 05\/2027.<\/p>\n<p>Bei Fragen gerne eine Nachricht an mich per eMail an info @ rettet-peter.de.<\/p>\n","protected":false},"excerpt":{"rendered":"<p>Gilera Saturno 500 Bialbero<\/p>\n","protected":false},"featured_media":4976,"comment_status":"open","ping_status":"closed","template":"","meta":{"_bbp_topic_count":0,"_bbp_reply_count":0,"_bbp_total_topic_count":0,"_bbp_total_reply_count":0,"_bbp_voice_count":0,"_bbp_anonymous_reply_count":0,"_bbp_topic_count_hidden":0,"_bbp_reply_count_hidden":0,"_bbp_forum_subforum_count":0,"ngg_post_thumbnail":0},"product_brand":[],"product_cat":[87],"product_tag":[],"class_list":{"0":"post-5013","1":"product","2":"type-product","3":"status-publish","4":"has-post-thumbnail","6":"product_cat-fahrzeuge","8":"first","9":"instock","10":"shipping-taxable","11":"purchasable","12":"product-type-simple"},"_links":{"self":[{"href":"https:\/\/www.rettet-peter.de\/index.php?rest_route=\/wp\/v2\/product\/5013","targetHints":{"allow":["GET"]}}],"collection":[{"href":"https:\/\/www.rettet-peter.de\/index.php?rest_route=\/wp\/v2\/product"}],"about":[{"href":"https:\/\/www.rettet-peter.de\/index.php?rest_route=\/wp\/v2\/types\/product"}],"replies":[{"embeddable":true,"href":"https:\/\/www.rettet-peter.de\/index.php?rest_route=%2Fwp%2Fv2%2Fcomments&post=5013"}],"wp:featuredmedia":[{"embeddable":true,"href":"https:\/\/www.rettet-peter.de\/index.php?rest_route=\/wp\/v2\/media\/4976"}],"wp:attachment":[{"href":"https:\/\/www.rettet-peter.de\/index.php?rest_route=%2Fwp%2Fv2%2Fmedia&parent=5013"}],"wp:term":[{"taxonomy":"product_brand","embeddable":true,"href":"https:\/\/www.rettet-peter.de\/index.php?rest_route=%2Fwp%2Fv2%2Fproduct_brand&post=5013"},{"taxonomy":"product_cat","embeddable":true,"href":"https:\/\/www.rettet-peter.de\/index.php?rest_route=%2Fwp%2Fv2%2Fproduct_cat&post=5013"},{"taxonomy":"product_tag","embeddable":true,"href":"https:\/\/www.rettet-peter.de\/index.php?rest_route=%2Fwp%2Fv2%2Fproduct_tag&post=5013"}],"curies":[{"name":"wp","href":"https:\/\/api.w.org\/{rel}","templated":true}]}}