{"id":5014,"date":"2026-03-01T20:18:25","date_gmt":"2026-03-01T18:18:25","guid":{"rendered":"https:\/\/www.rettet-peter.de\/?post_type=product&#038;p=5014"},"modified":"2026-03-04T21:15:03","modified_gmt":"2026-03-04T19:15:03","slug":"gilera-saturno-bialbero-japan","status":"publish","type":"product","link":"https:\/\/www.rettet-peter.de\/?product=gilera-saturno-bialbero-japan","title":{"rendered":"Gilera Saturno Bialbero Japan"},"content":{"rendered":"<p>Gilera Saturno 350 Frankreich<\/p>\n<p>Biete hier eine Gilera Saturno Bialbero 350 an, einen der seltenen Japan-Importe wie man diese in Europa sehr selten bis gar nicht findet.<\/p>\n<p>Das Motorrad wurde von mir importiert und verzollt, hat die original japanische Papiere.<\/p>\n<p>Das Fahrzeug ist in einem f\u00fcr das Alter und die Laufleistung ordentlichen Zustand, es bremst, leuchtet, blinkt und der Motor springt zuverl\u00e4ssig an und l\u00e4uft rund. Die Gilera ist soweit auch fahrbereit.<\/p>\n<p>Zur Zeit ist ein Standard-Kr\u00fcmmer mit deutschem Lafranconi-Schalld\u00e4mpfer angebaut.<\/p>\n<p>Vor wenigen Tagen wurden unter anderem folgende Punkte in einer Fachwerkstatt erledigt:<\/p>\n<p>&#8211; Neue Bereifung Vorher- und Hinterrad<br \/>\n&#8211; Neue Radlager<br \/>\n&#8211; Zahnriemenwechsel<br \/>\n&#8211; Neue Batterie<br \/>\n&#8211; \u00d6lwechsel mit Filter<br \/>\n&#8211; K\u00fchlmittelwechsel<br \/>\n&#8211; Neuer Luftfilter<br \/>\n&#8211; Neue Z\u00fcndkerze<br \/>\n&#8211; Bremsfl\u00fcssigkeitswechsel<br \/>\n&#8211; 4 neue Blinker<\/p>\n<p>Folgende Info zu T\u00dcV und Zulassung:<\/p>\n<p>Der Preis bezieht sich auf das Fahrzeug wie hier angeboten inkl. der original Papiere f\u00fcr das Motorrad. F\u00fcr eine Zulassung in BRD muss u. U. eine Umr\u00fcstung und eine Abnahme durch den T\u00dcV erfolgen. Dies ist im Preis NICHT inbegriffen.<br \/>\nBei Kauf mit Anzahlung w\u00fcrde ich vor Abholung auf Wunsch eine T\u00dcV-Abnahme vornehmen lassen, die Kosten hierf\u00fcr betragen 175,&#8211; Euro.<br \/>\nDie T\u00dcV-Bescheinigung enth\u00e4lt die Dokumente f\u00fcr die Zulassungstelle.<\/p>\n<p>Vom Motorlauf gibt es ein aktuelles Video, das ich gerne bereitstelle.<\/p>\n","protected":false},"excerpt":{"rendered":"<p>Gilera Saturno Bialbero Japan<\/p>\n","protected":false},"featured_media":3224,"comment_status":"open","ping_status":"closed","template":"","meta":{"_bbp_topic_count":0,"_bbp_reply_count":0,"_bbp_total_topic_count":0,"_bbp_total_reply_count":0,"_bbp_voice_count":0,"_bbp_anonymous_reply_count":0,"_bbp_topic_count_hidden":0,"_bbp_reply_count_hidden":0,"_bbp_forum_subforum_count":0,"ngg_post_thumbnail":0},"product_brand":[],"product_cat":[87],"product_tag":[],"class_list":{"0":"post-5014","1":"product","2":"type-product","3":"status-publish","4":"has-post-thumbnail","6":"product_cat-fahrzeuge","8":"first","9":"instock","10":"shipping-taxable","11":"purchasable","12":"product-type-simple"},"_links":{"self":[{"href":"https:\/\/www.rettet-peter.de\/index.php?rest_route=\/wp\/v2\/product\/5014","targetHints":{"allow":["GET"]}}],"collection":[{"href":"https:\/\/www.rettet-peter.de\/index.php?rest_route=\/wp\/v2\/product"}],"about":[{"href":"https:\/\/www.rettet-peter.de\/index.php?rest_route=\/wp\/v2\/types\/product"}],"replies":[{"embeddable":true,"href":"https:\/\/www.rettet-peter.de\/index.php?rest_route=%2Fwp%2Fv2%2Fcomments&post=5014"}],"wp:featuredmedia":[{"embeddable":true,"href":"https:\/\/www.rettet-peter.de\/index.php?rest_route=\/wp\/v2\/media\/3224"}],"wp:attachment":[{"href":"https:\/\/www.rettet-peter.de\/index.php?rest_route=%2Fwp%2Fv2%2Fmedia&parent=5014"}],"wp:term":[{"taxonomy":"product_brand","embeddable":true,"href":"https:\/\/www.rettet-peter.de\/index.php?rest_route=%2Fwp%2Fv2%2Fproduct_brand&post=5014"},{"taxonomy":"product_cat","embeddable":true,"href":"https:\/\/www.rettet-peter.de\/index.php?rest_route=%2Fwp%2Fv2%2Fproduct_cat&post=5014"},{"taxonomy":"product_tag","embeddable":true,"href":"https:\/\/www.rettet-peter.de\/index.php?rest_route=%2Fwp%2Fv2%2Fproduct_tag&post=5014"}],"curies":[{"name":"wp","href":"https:\/\/api.w.org\/{rel}","templated":true}]}}