{"id":5125,"date":"2026-04-09T10:07:59","date_gmt":"2026-04-09T08:07:59","guid":{"rendered":"https:\/\/www.rettet-peter.de\/?post_type=product&#038;p=5125"},"modified":"2026-04-09T10:09:58","modified_gmt":"2026-04-09T08:09:58","slug":"kuehlwasserleitung-teil-6","status":"publish","type":"product","link":"https:\/\/www.rettet-peter.de\/?product=kuehlwasserleitung-teil-6","title":{"rendered":"K\u00fchlwasserleitung Teil 6"},"content":{"rendered":"<p><strong>K\u00fchlwasserleitung Teil 6<\/strong><\/p>\n<p>Nachbau der original Kuhlwasserleitung, hochwertige Ausf\u00fchrung mit erh\u00f6hter Wandst\u00e4rke f\u00fcr gesteigerte Lebensdauer. Gefertigt aus Silikon und Polyester.<br \/>\nSchlauch zwischen Verteiler und K\u00fchler (Fahrtrichtung rechts).<br \/>\nErsetzt das Originalteil.<\/p>\n<p>Verf\u00fcgbar in Rot, Schwarz oder Blau<\/p>\n<p><strong>Geeignet f\u00fcr:<\/strong><\/p>\n<p>&#8211; Gilera Nordwest<br \/>\n&#8211; Gilera RC<br \/>\n&#8211; Gilera RC \/ C<br \/>\n&#8211; Gilera XRT<\/p>\n<p><strong>Lieferumfang:<\/strong><\/p>\n<p>&#8211; 1 St\u00fcck<\/p>\n<p>Gilera Nordwest Ersatzteilkatalog: 04 \/ ??.00 \/ Position: ??<br \/>\nGilera RC Ersatzteilkatalog: 04 \/ 103.00 \/ Position: 11<br \/>\nGilera RC \/ C Ersatzteilkatalog: 04 \/ 129.00 \/ Position: 11<br \/>\nGilera XRT Ersatzteilkatalog: 04 \/ 75.00 \/ Position: 11<\/p>\n","protected":false},"excerpt":{"rendered":"<p>K\u00fchlwasserleitung Teil 6<\/p>\n","protected":false},"featured_media":5119,"comment_status":"open","ping_status":"closed","template":"","meta":{"_bbp_topic_count":0,"_bbp_reply_count":0,"_bbp_total_topic_count":0,"_bbp_total_reply_count":0,"_bbp_voice_count":0,"_bbp_anonymous_reply_count":0,"_bbp_topic_count_hidden":0,"_bbp_reply_count_hidden":0,"_bbp_forum_subforum_count":0,"ngg_post_thumbnail":0},"product_brand":[],"product_cat":[38,37,83,36],"product_tag":[],"class_list":{"0":"post-5125","1":"product","2":"type-product","3":"status-publish","4":"has-post-thumbnail","6":"product_cat-gilera-nordwest","7":"product_cat-gilera-rc","8":"product_cat-gilera-rc-c","9":"product_cat-gilera-xrt","11":"first","12":"instock","13":"shipping-taxable","14":"purchasable","15":"product-type-simple"},"_links":{"self":[{"href":"https:\/\/www.rettet-peter.de\/index.php?rest_route=\/wp\/v2\/product\/5125","targetHints":{"allow":["GET"]}}],"collection":[{"href":"https:\/\/www.rettet-peter.de\/index.php?rest_route=\/wp\/v2\/product"}],"about":[{"href":"https:\/\/www.rettet-peter.de\/index.php?rest_route=\/wp\/v2\/types\/product"}],"replies":[{"embeddable":true,"href":"https:\/\/www.rettet-peter.de\/index.php?rest_route=%2Fwp%2Fv2%2Fcomments&post=5125"}],"wp:featuredmedia":[{"embeddable":true,"href":"https:\/\/www.rettet-peter.de\/index.php?rest_route=\/wp\/v2\/media\/5119"}],"wp:attachment":[{"href":"https:\/\/www.rettet-peter.de\/index.php?rest_route=%2Fwp%2Fv2%2Fmedia&parent=5125"}],"wp:term":[{"taxonomy":"product_brand","embeddable":true,"href":"https:\/\/www.rettet-peter.de\/index.php?rest_route=%2Fwp%2Fv2%2Fproduct_brand&post=5125"},{"taxonomy":"product_cat","embeddable":true,"href":"https:\/\/www.rettet-peter.de\/index.php?rest_route=%2Fwp%2Fv2%2Fproduct_cat&post=5125"},{"taxonomy":"product_tag","embeddable":true,"href":"https:\/\/www.rettet-peter.de\/index.php?rest_route=%2Fwp%2Fv2%2Fproduct_tag&post=5125"}],"curies":[{"name":"wp","href":"https:\/\/api.w.org\/{rel}","templated":true}]}}