{"id":902,"date":"2015-06-23T13:59:48","date_gmt":"2015-06-23T11:59:48","guid":{"rendered":"http:\/\/www.rettet-peter.de\/?post_type=product&#038;p=902"},"modified":"2025-08-18T12:36:19","modified_gmt":"2025-08-18T10:36:19","slug":"ngk-zuendkerze-dpr9eix-9-iridium-fuer-gilera-xrt","status":"publish","type":"product","link":"https:\/\/www.rettet-peter.de\/?product=ngk-zuendkerze-dpr9eix-9-iridium-fuer-gilera-xrt","title":{"rendered":"NGK Z\u00fcndkerze Iridium"},"content":{"rendered":"<p><strong>NGK Z\u00fcndkerze DPR9EIX-9 Iridium f\u00fcr Gilera XRT, Saturno<br \/>\n<\/strong><\/p>\n<p>Das Geheimnis der neuen Iridium IX Z\u00fcndkerze liegt in der lasergeschwei\u00dften Elektrode aus Iridium.<br \/>\nDurch ihren \u201dminimalen\u201d Durchmesser von nur 0,6 mm b\u00fcndelt sie die Z\u00fcndspannung.<br \/>\nDie Vorteile der Iridium IX Z\u00fcndkerze auf einen Blick:<br \/>\nDie optimalen Z\u00fcndeigenschaften der Iridium IX Z\u00fcndkerzen verhindern ein Verru\u00dfen bei stop and go-Verkehr.<br \/>\nFehlz\u00fcndungen oder Z\u00fcndaussetzer werden verhindert. Das senkt den Schadstoffaussto\u00df und schont (wenn vorhanden) den Katalysator und die Umwelt.<br \/>\nDie Iridium IX Z\u00fcndkerzen sichern \u201drunden\u201d Motorlauf, erh\u00f6hen das Fahrerlebnis durch bessere Beschleunigung und bieten dadurch mehr Fahrspa\u00df.<br \/>\nDie Iridium IX Z\u00fcndkerze h\u00e4lt mindestens doppelt solange wie jede normale Z\u00fcndkerze. H\u00e4ufige Z\u00fcndkerzenwechsel sind damit \u201dout\u201d. Das wiederum reduziert die Kosten.<br \/>\nH\u00f6chste Z\u00fcndsicherheit, gleichm\u00e4\u00dfige Verbrennung, optimale Motorleistung, spontane Gasannahme sind das Ergebnis modernster Technologie und reduzieren den Kraftstoffverbrauch.<br \/>\nDie optimierte Elektrodenform verringert den Z\u00fcndspannungsbedarf, schont den Motor und sichert ein \u201drundes\u201d Laufen.<\/p>\n<p>Modernste Produktionsanlagen, gro\u00dfe Investitionen in Forschung und Entwicklung, sowie das starke Engagement im Rennsport, von der Formel 1 bis zum Zweiradmotorsport, macht die NGK-Z\u00fcndkerze so erfolgreich.<\/p>\n<p><strong>Passend f\u00fcr die Modelle:<\/strong><\/p>\n<p>&#8211; Gilera XRT 600, alle Baujahre, 27 PS, 20 kw<br \/>\n&#8211; Gilera XRT 600, alle Baujahre, 46 PS, 33,5 kw<br \/>\n&#8211; Gilera Saturno, alle Baujahre<\/p>\n<p><strong>Technische Details:<\/strong><\/p>\n<p>&#8211; Z\u00fcndkerze<\/p>\n<p><strong>Lieferumfang:<\/strong><\/p>\n<p>&#8211; Z\u00fcndkerze DPR9EIX-9 Iridium<\/p>\n","protected":false},"excerpt":{"rendered":"<p>NGK Z\u00fcndkerze DPR9EIX-9 Iridium f\u00fcr Gilera XRT, Saturno Das Geheimnis der neuen Iridium IX Z\u00fcndkerze<\/p>\n","protected":false},"featured_media":907,"comment_status":"open","ping_status":"closed","template":"","meta":{"_bbp_topic_count":0,"_bbp_reply_count":0,"_bbp_total_topic_count":0,"_bbp_total_reply_count":0,"_bbp_voice_count":0,"_bbp_anonymous_reply_count":0,"_bbp_topic_count_hidden":0,"_bbp_reply_count_hidden":0,"_bbp_forum_subforum_count":0,"ngg_post_thumbnail":0},"product_brand":[],"product_cat":[39,36],"product_tag":[],"class_list":{"0":"post-902","1":"product","2":"type-product","3":"status-publish","4":"has-post-thumbnail","6":"product_cat-gilera-saturno","7":"product_cat-gilera-xrt","9":"first","10":"instock","11":"shipping-taxable","12":"purchasable","13":"product-type-simple"},"_links":{"self":[{"href":"https:\/\/www.rettet-peter.de\/index.php?rest_route=\/wp\/v2\/product\/902","targetHints":{"allow":["GET"]}}],"collection":[{"href":"https:\/\/www.rettet-peter.de\/index.php?rest_route=\/wp\/v2\/product"}],"about":[{"href":"https:\/\/www.rettet-peter.de\/index.php?rest_route=\/wp\/v2\/types\/product"}],"replies":[{"embeddable":true,"href":"https:\/\/www.rettet-peter.de\/index.php?rest_route=%2Fwp%2Fv2%2Fcomments&post=902"}],"wp:featuredmedia":[{"embeddable":true,"href":"https:\/\/www.rettet-peter.de\/index.php?rest_route=\/wp\/v2\/media\/907"}],"wp:attachment":[{"href":"https:\/\/www.rettet-peter.de\/index.php?rest_route=%2Fwp%2Fv2%2Fmedia&parent=902"}],"wp:term":[{"taxonomy":"product_brand","embeddable":true,"href":"https:\/\/www.rettet-peter.de\/index.php?rest_route=%2Fwp%2Fv2%2Fproduct_brand&post=902"},{"taxonomy":"product_cat","embeddable":true,"href":"https:\/\/www.rettet-peter.de\/index.php?rest_route=%2Fwp%2Fv2%2Fproduct_cat&post=902"},{"taxonomy":"product_tag","embeddable":true,"href":"https:\/\/www.rettet-peter.de\/index.php?rest_route=%2Fwp%2Fv2%2Fproduct_tag&post=902"}],"curies":[{"name":"wp","href":"https:\/\/api.w.org\/{rel}","templated":true}]}}