{"id":913,"date":"2015-06-23T14:35:17","date_gmt":"2015-06-23T12:35:17","guid":{"rendered":"http:\/\/www.rettet-peter.de\/?post_type=product&#038;p=913"},"modified":"2025-06-08T15:47:34","modified_gmt":"2025-06-08T13:47:34","slug":"ebc-bremsbelaege-hinterrad-fuer-gilera-fa044","status":"publish","type":"product","link":"https:\/\/www.rettet-peter.de\/?product=ebc-bremsbelaege-hinterrad-fuer-gilera-fa044","title":{"rendered":"EBC Bremsbel\u00e4ge Hinterrad"},"content":{"rendered":"<p><strong>EBC Bremsbel\u00e4ge Standard<\/strong><\/p>\n<p>EBC Bremskl\u00f6tze f\u00fcr Hinterachse<\/p>\n<p>Standard<br \/>\nDie EBC Version SK930\/ SK931\/ SK932\/ SK933\/ SK934 enthalten<br \/>\nAramid Fasern, die 6 mal st\u00e4rker sind als Stahl und dabei v\u00f6llig asbestfrei .<br \/>\nIn der Produktion werden nur schadstoffarme Komponenten verwendet .<br \/>\nDiese Standardmaterialen \u00fcbertreffen alle bisherigen EBC Standardqualit\u00e4ten .<br \/>\nDie Materialmischungen einschlie\u00dflich der Aramid Fasern garantieren ein besseres Bremsverhalten .<br \/>\nHohe Reibwertstabilit\u00e4t und eine sehr gute Temperaturbest\u00e4ndigkeit .<br \/>\nDie Lebensdauer ist sehr hoch , und der Scheibenangriff gering .<br \/>\nDiese Qualit\u00e4ten behalten ihre hervorragenden Eigenschaften<br \/>\nunter allen Wetterbedingungen.<br \/>\nEBC Standard Bremskl\u00f6tze sind T\u00dcV gepr\u00fcft und haben eine ABE.<\/p>\n<p><strong>Geeignet f\u00fcr:<\/strong><\/p>\n<p>&#8211; Gilera Nordwest<br \/>\n&#8211; Gilera XRT<\/p>\n<p><strong>Lieferumfang:<\/strong><\/p>\n<p>&#8211; 1 St\u00fcck<\/p>\n<p>Gilera Nordwest Ersatzteilkatalog: 04 \/ 178.00 \/ Position: 12<br \/>\nGilera XRT Ersatzteilkatalog: 04 \/ 86.00 \/ Position: 9<\/p>\n","protected":false},"excerpt":{"rendered":"<p>EBC Bremsbel\u00e4ge Hinterrad<\/p>\n","protected":false},"featured_media":914,"comment_status":"open","ping_status":"closed","template":"","meta":{"_bbp_topic_count":0,"_bbp_reply_count":0,"_bbp_total_topic_count":0,"_bbp_total_reply_count":0,"_bbp_voice_count":0,"_bbp_anonymous_reply_count":0,"_bbp_topic_count_hidden":0,"_bbp_reply_count_hidden":0,"_bbp_forum_subforum_count":0,"ngg_post_thumbnail":0},"product_brand":[],"product_cat":[38,36],"product_tag":[],"class_list":{"0":"post-913","1":"product","2":"type-product","3":"status-publish","4":"has-post-thumbnail","6":"product_cat-gilera-nordwest","7":"product_cat-gilera-xrt","9":"first","10":"instock","11":"shipping-taxable","12":"purchasable","13":"product-type-simple"},"_links":{"self":[{"href":"https:\/\/www.rettet-peter.de\/index.php?rest_route=\/wp\/v2\/product\/913","targetHints":{"allow":["GET"]}}],"collection":[{"href":"https:\/\/www.rettet-peter.de\/index.php?rest_route=\/wp\/v2\/product"}],"about":[{"href":"https:\/\/www.rettet-peter.de\/index.php?rest_route=\/wp\/v2\/types\/product"}],"replies":[{"embeddable":true,"href":"https:\/\/www.rettet-peter.de\/index.php?rest_route=%2Fwp%2Fv2%2Fcomments&post=913"}],"wp:featuredmedia":[{"embeddable":true,"href":"https:\/\/www.rettet-peter.de\/index.php?rest_route=\/wp\/v2\/media\/914"}],"wp:attachment":[{"href":"https:\/\/www.rettet-peter.de\/index.php?rest_route=%2Fwp%2Fv2%2Fmedia&parent=913"}],"wp:term":[{"taxonomy":"product_brand","embeddable":true,"href":"https:\/\/www.rettet-peter.de\/index.php?rest_route=%2Fwp%2Fv2%2Fproduct_brand&post=913"},{"taxonomy":"product_cat","embeddable":true,"href":"https:\/\/www.rettet-peter.de\/index.php?rest_route=%2Fwp%2Fv2%2Fproduct_cat&post=913"},{"taxonomy":"product_tag","embeddable":true,"href":"https:\/\/www.rettet-peter.de\/index.php?rest_route=%2Fwp%2Fv2%2Fproduct_tag&post=913"}],"curies":[{"name":"wp","href":"https:\/\/api.w.org\/{rel}","templated":true}]}}