{"id":927,"date":"2015-06-23T15:35:27","date_gmt":"2015-06-23T13:35:27","guid":{"rendered":"http:\/\/www.rettet-peter.de\/?post_type=product&#038;p=927"},"modified":"2026-03-18T15:29:06","modified_gmt":"2026-03-18T13:29:06","slug":"wasserpumpen-fuer-gilera-600er-modelle","status":"publish","type":"product","link":"https:\/\/www.rettet-peter.de\/?product=wasserpumpen-fuer-gilera-600er-modelle","title":{"rendered":"Wasserpumpe Gilera Saturno"},"content":{"rendered":"<p><strong>Wasserpumpe Gilera Saturno<\/strong><\/p>\n<p>Nachbau Wasserpumpe als Ersatzteil, hochwertige Bauteile auf mordernen CNC-Fertigungsmaschinen hergestellt, Katalognummer 1002-A.<br \/>\nTeile aus Edelstahl oder hochfestem Aluminium gefertigt, passend f\u00fcr 350er und 500er Motoren.<\/p>\n<p><strong>Geeignet f\u00fcr:<\/strong><\/p>\n<p>&#8211; Gilera Dakota (350 und 500)<br \/>\n&#8211; Gilera Saturno (350 und 500)<\/p>\n<p><strong>Lieferumfang:<\/strong><\/p>\n<p>&#8211; 1 St\u00fcck<\/p>\n<p>Gilera Dakota Ersatzteilkatalog: 04 \/ ??? \/ Position: ???<br \/>\nGilera Saturno Ersatzteilkatalog: 04 \/ ??? \/ Position: ???<\/p>\n<p>Achtung: Fertigung in Kleinserie von 25 St\u00fcck.<\/p>\n<p>Im Gegensatz zu anderen Anbietern produzieren wir die Pumpen seit 2009 und diese laufen in dutzenden von Motorr\u00e4dern als auch in verschiedenen eigenen Fahrzeugen sowie der teameigenen Gilera XRT 600 (Laufleistung mit neuer Pumpe seit M\u00e4rz 2011: weit \u00fcber 8.000 KM ohne M\u00e4ngel) sowie einer RC 600 als Rally-Fahrzeug absolut zuverl\u00e4ssig.<\/p>\n<p>Einer unserer ersten Pumpen-Nachbauten hat sich in einer Gilera XRT 600 unter anderem w\u00e4hrend einer 4.000 KM Marokko-Rundfahrt im Oktober 2011 als auch auf einer Tunesien-Reise \u00fcber 5.200 KM im April 2012 bew\u00e4hrt. Ein H\u00e4rtetest unter extremen Bedingungen.<\/p>\n<p>\u00dcber die Jahre haben wir \u00fcber 400 Pumpen produziert und weltweit versendet. Es gibt weltweit keinen Anbieter, der sich in Bezug auf Fertigungstiefe und Qualit\u00e4t der Pumpen auch nur ansatzweise mit uns messen kann.<\/p>\n<p>Gelegentliche \u00dcberpr\u00fcfung und Inspektionen der Pumpen reichen aus, um einen dauerhaften Betrieb zu gew\u00e4hrleisten.<\/p>\n<p>Andere Anbieter bieten reparierte bzw. \u00fcberholte Pumpen an, die z.B. bis zu 290,- Euro kosten. Hier erh\u00e4lst Du jedoch immer noch &#8222;alte&#8220; Teile zur\u00fcck.<\/p>\n<p>Dieses Informations-PDF und die darin enthaltenen Hinweise sind Bestandteil einer Bestellung.<\/p>\n","protected":false},"excerpt":{"rendered":"<p>1002-A Wasserpumpe Gilera Saturno<\/p>\n","protected":false},"featured_media":928,"comment_status":"open","ping_status":"closed","template":"","meta":{"_bbp_topic_count":0,"_bbp_reply_count":0,"_bbp_total_topic_count":0,"_bbp_total_reply_count":0,"_bbp_voice_count":0,"_bbp_anonymous_reply_count":0,"_bbp_topic_count_hidden":0,"_bbp_reply_count_hidden":0,"_bbp_forum_subforum_count":0,"ngg_post_thumbnail":0},"product_brand":[],"product_cat":[40,39],"product_tag":[],"class_list":{"0":"post-927","1":"product","2":"type-product","3":"status-publish","4":"has-post-thumbnail","6":"product_cat-gilera-dakota","7":"product_cat-gilera-saturno","9":"first","10":"instock","11":"shipping-taxable","12":"purchasable","13":"product-type-simple"},"_links":{"self":[{"href":"https:\/\/www.rettet-peter.de\/index.php?rest_route=\/wp\/v2\/product\/927","targetHints":{"allow":["GET"]}}],"collection":[{"href":"https:\/\/www.rettet-peter.de\/index.php?rest_route=\/wp\/v2\/product"}],"about":[{"href":"https:\/\/www.rettet-peter.de\/index.php?rest_route=\/wp\/v2\/types\/product"}],"replies":[{"embeddable":true,"href":"https:\/\/www.rettet-peter.de\/index.php?rest_route=%2Fwp%2Fv2%2Fcomments&post=927"}],"wp:featuredmedia":[{"embeddable":true,"href":"https:\/\/www.rettet-peter.de\/index.php?rest_route=\/wp\/v2\/media\/928"}],"wp:attachment":[{"href":"https:\/\/www.rettet-peter.de\/index.php?rest_route=%2Fwp%2Fv2%2Fmedia&parent=927"}],"wp:term":[{"taxonomy":"product_brand","embeddable":true,"href":"https:\/\/www.rettet-peter.de\/index.php?rest_route=%2Fwp%2Fv2%2Fproduct_brand&post=927"},{"taxonomy":"product_cat","embeddable":true,"href":"https:\/\/www.rettet-peter.de\/index.php?rest_route=%2Fwp%2Fv2%2Fproduct_cat&post=927"},{"taxonomy":"product_tag","embeddable":true,"href":"https:\/\/www.rettet-peter.de\/index.php?rest_route=%2Fwp%2Fv2%2Fproduct_tag&post=927"}],"curies":[{"name":"wp","href":"https:\/\/api.w.org\/{rel}","templated":true}]}}