{"id":934,"date":"2015-06-23T16:20:11","date_gmt":"2015-06-23T14:20:11","guid":{"rendered":"http:\/\/www.rettet-peter.de\/?post_type=product&#038;p=934"},"modified":"2025-07-26T19:01:35","modified_gmt":"2025-07-26T17:01:35","slug":"athena-simmeringsatz-gabel-fuer-gilera-rc","status":"publish","type":"product","link":"https:\/\/www.rettet-peter.de\/?product=athena-simmeringsatz-gabel-fuer-gilera-rc","title":{"rendered":"Simmeringsatz Gabel"},"content":{"rendered":"<p><strong>Athena Simmeringsatz Gabel f\u00fcr Gilera RC<\/strong><\/p>\n<p>ARI Gabeldichtring-Satz Die Qualit\u00e4t ihrer Ausf\u00fchrung wird durch die einzigartige Natur des verwendeten Materials (XNBR) abgestimmt. Die Gabelsimmeringe bieten einzigartige Eigenschaften und finden ihren Einsatz in modernen Gabeln von Motorr\u00e4dern und Rollern: &#8211; Best\u00e4ndigkeit gegen Abrieb und hohe Temperaturen Abmessungen : ( 40&#215;52\/52.7&#215;10\/10.5 ) mm ARI Gabelsimmeringe entsprechen sowohl in Qualit\u00e4t als auch von der Bema\u00dfung der OE Qualit\u00e4t. Daraus ergibt sich die bestm\u00f6gliche Abdichtung unter allen Stra\u00dfen- und Klimabedingungen. Die Gabelsimmeringe finden Verwendung im t\u00e4glichen Einsatz, im Rennsport oder auch in Oldtimern.<\/p>\n<p><strong>Passend f\u00fcr die Modelle:<\/strong><\/p>\n<p>&#8211; Gilera RC, alle Baujahre<\/p>\n<p><strong>Technische Details:<\/strong><\/p>\n<p>&#8211; Simmeringsatz, 2 St\u00fcck<\/p>\n<p><strong>Lieferumfang:<\/strong><\/p>\n<p>&#8211; Simmeringsatz, 2 St\u00fcck<\/p>\n<p><strong>Abmnessung:<\/strong><\/p>\n<p>Innendurchmesser : 40 mm<br \/>\nAu\u00dfendurchmesser : 52 mm<br \/>\nH\u00f6he Einbauma\u00df : 10 mm<br \/>\nStaubkappe : Nein<br \/>\nH\u00f6he Gesamt : 10.5 mm<br \/>\nHersteller : Athena<\/p>\n","protected":false},"excerpt":{"rendered":"<p>Athena Simmeringsatz Gabel f\u00fcr Gilera RC ARI Gabeldichtring-Satz Die Qualit\u00e4t ihrer Ausf\u00fchrung wird durch die<\/p>\n","protected":false},"featured_media":0,"comment_status":"open","ping_status":"closed","template":"","meta":{"_bbp_topic_count":0,"_bbp_reply_count":0,"_bbp_total_topic_count":0,"_bbp_total_reply_count":0,"_bbp_voice_count":0,"_bbp_anonymous_reply_count":0,"_bbp_topic_count_hidden":0,"_bbp_reply_count_hidden":0,"_bbp_forum_subforum_count":0,"ngg_post_thumbnail":0},"product_brand":[],"product_cat":[37],"product_tag":[],"class_list":{"0":"post-934","1":"product","2":"type-product","3":"status-publish","5":"product_cat-gilera-rc","7":"first","8":"instock","9":"shipping-taxable","10":"purchasable","11":"product-type-simple"},"_links":{"self":[{"href":"https:\/\/www.rettet-peter.de\/index.php?rest_route=\/wp\/v2\/product\/934","targetHints":{"allow":["GET"]}}],"collection":[{"href":"https:\/\/www.rettet-peter.de\/index.php?rest_route=\/wp\/v2\/product"}],"about":[{"href":"https:\/\/www.rettet-peter.de\/index.php?rest_route=\/wp\/v2\/types\/product"}],"replies":[{"embeddable":true,"href":"https:\/\/www.rettet-peter.de\/index.php?rest_route=%2Fwp%2Fv2%2Fcomments&post=934"}],"wp:attachment":[{"href":"https:\/\/www.rettet-peter.de\/index.php?rest_route=%2Fwp%2Fv2%2Fmedia&parent=934"}],"wp:term":[{"taxonomy":"product_brand","embeddable":true,"href":"https:\/\/www.rettet-peter.de\/index.php?rest_route=%2Fwp%2Fv2%2Fproduct_brand&post=934"},{"taxonomy":"product_cat","embeddable":true,"href":"https:\/\/www.rettet-peter.de\/index.php?rest_route=%2Fwp%2Fv2%2Fproduct_cat&post=934"},{"taxonomy":"product_tag","embeddable":true,"href":"https:\/\/www.rettet-peter.de\/index.php?rest_route=%2Fwp%2Fv2%2Fproduct_tag&post=934"}],"curies":[{"name":"wp","href":"https:\/\/api.w.org\/{rel}","templated":true}]}}