{"id":944,"date":"2015-06-23T16:40:02","date_gmt":"2015-06-23T14:40:02","guid":{"rendered":"http:\/\/www.rettet-peter.de\/?post_type=product&#038;p=944"},"modified":"2025-06-04T20:03:55","modified_gmt":"2025-06-04T18:03:55","slug":"wilbers-gabelfedern-fuer-gilera-rc-600-bj-89-91","status":"publish","type":"product","link":"https:\/\/www.rettet-peter.de\/?product=wilbers-gabelfedern-fuer-gilera-rc-600-bj-89-91","title":{"rendered":"Wilbers Gabelfedern f\u00fcr Gilera RC 600 Bj 89 &#8211; 91"},"content":{"rendered":"<p><strong>Gabelfedern f\u00fcr Gilera RC 600 Bj 89 &#8211; 91<\/strong><\/p>\n<p>Gabelfedern vom Markenhersteller<\/p>\n<p>Die progressiven Gabelfedern von Wilbers Suspension machen durchschlagende Gabeln und bockiges Ansprechen zu einem St\u00fcck Geschichte. Durch ihre Konstruktion federn sie leichte Unebenheiten ebenso souver\u00e4n ab wie harte Schl\u00e4ge oder brutale Bremsman\u00f6ver. Das ist das Ergebnis sorgf\u00e4ltiger Konstruktion und eines harten Testprogramms von der N\u00fcrburgring-Nordschleife bis zur Full-Speed-Autobahn.<br \/>\nEine Produktionsfreigabe erfolgt erst dann, wenn die routinierten Tester ebenso zufrieden sind wie die Pr\u00fcfer des T\u00dcVs. ABE und eine 29 Jahre Garantie dank verschlei\u00dffester Konstruktion geh\u00f6ren ebenso zum Lieferumfang wie eine detaillierte Einbauanleitung. Das beste Gabel\u00f6l und eine passende Abstimmung des Luftpolsters ergeben ein perfektes Resultat.<\/p>\n<p><strong>Passend f\u00fcr die Modelle:<\/strong><\/p>\n<p>&#8211; Gilera RC 600 Baujahr 1989 &#8211; 1991<\/p>\n<p><strong>Technische Details:<\/strong><\/p>\n<p>&#8211; Gabelfedern progessive<\/p>\n<p><strong>Lieferumfang:<\/strong><\/p>\n<p>&#8211; Gabelfedern rechts und links (2 St\u00fcck)<br \/>\n&#8211; Montagematerial<br \/>\n&#8211; Montageanleitung<\/p>\n<p>Gabel\u00f6el nicht enthalten!<\/p>\n","protected":false},"excerpt":{"rendered":"<p>Gabelfedern f\u00fcr Gilera RC 600 Bj 89 &#8211; 91 Gabelfedern vom Markenhersteller Die progressiven Gabelfedern<\/p>\n","protected":false},"featured_media":945,"comment_status":"open","ping_status":"closed","template":"","meta":{"_bbp_topic_count":0,"_bbp_reply_count":0,"_bbp_total_topic_count":0,"_bbp_total_reply_count":0,"_bbp_voice_count":0,"_bbp_anonymous_reply_count":0,"_bbp_topic_count_hidden":0,"_bbp_reply_count_hidden":0,"_bbp_forum_subforum_count":0,"ngg_post_thumbnail":0},"product_brand":[],"product_cat":[37],"product_tag":[],"class_list":{"0":"post-944","1":"product","2":"type-product","3":"status-publish","4":"has-post-thumbnail","6":"product_cat-gilera-rc","8":"first","9":"instock","10":"shipping-taxable","11":"purchasable","12":"product-type-simple"},"_links":{"self":[{"href":"https:\/\/www.rettet-peter.de\/index.php?rest_route=\/wp\/v2\/product\/944","targetHints":{"allow":["GET"]}}],"collection":[{"href":"https:\/\/www.rettet-peter.de\/index.php?rest_route=\/wp\/v2\/product"}],"about":[{"href":"https:\/\/www.rettet-peter.de\/index.php?rest_route=\/wp\/v2\/types\/product"}],"replies":[{"embeddable":true,"href":"https:\/\/www.rettet-peter.de\/index.php?rest_route=%2Fwp%2Fv2%2Fcomments&post=944"}],"wp:featuredmedia":[{"embeddable":true,"href":"https:\/\/www.rettet-peter.de\/index.php?rest_route=\/wp\/v2\/media\/945"}],"wp:attachment":[{"href":"https:\/\/www.rettet-peter.de\/index.php?rest_route=%2Fwp%2Fv2%2Fmedia&parent=944"}],"wp:term":[{"taxonomy":"product_brand","embeddable":true,"href":"https:\/\/www.rettet-peter.de\/index.php?rest_route=%2Fwp%2Fv2%2Fproduct_brand&post=944"},{"taxonomy":"product_cat","embeddable":true,"href":"https:\/\/www.rettet-peter.de\/index.php?rest_route=%2Fwp%2Fv2%2Fproduct_cat&post=944"},{"taxonomy":"product_tag","embeddable":true,"href":"https:\/\/www.rettet-peter.de\/index.php?rest_route=%2Fwp%2Fv2%2Fproduct_tag&post=944"}],"curies":[{"name":"wp","href":"https:\/\/api.w.org\/{rel}","templated":true}]}}