{"id":947,"date":"2015-06-23T16:43:38","date_gmt":"2015-06-23T14:43:38","guid":{"rendered":"http:\/\/www.rettet-peter.de\/?product=ebc-bremsbelaege-vorderrad-fuer-gilera-nordwest-sinter"},"modified":"2025-06-11T18:09:58","modified_gmt":"2025-06-11T16:09:58","slug":"ebc-bremsbelaege-vorderrad-fuer-gilera-nordwest-sinter","status":"publish","type":"product","link":"https:\/\/www.rettet-peter.de\/?product=ebc-bremsbelaege-vorderrad-fuer-gilera-nordwest-sinter","title":{"rendered":"EBC Bremsbel\u00e4ge Vorderrad"},"content":{"rendered":"<p><strong>EBC Bremsbel\u00e4ge Sinter<\/strong><\/p>\n<p>EBC Bremskl\u00f6tze Double &#8211; H<br \/>\nSinter Material MADE IN USA u.a. f\u00fcr Motorr\u00e4der mit original Sinterkl\u00f6tzen.<br \/>\nEine Qualit\u00e4t mit h\u00f6chster Bremskraft, extremer Haltbarkeit und ohne jedes Fading besonders f\u00fcr den Einsatz bei schweren und schnellen Maschinen oder bei Stra\u00dfenrennen.<br \/>\nBestens geeignet f\u00fcr INOX oder EBC Pro-Lite Bremsscheiben.<br \/>\nBremskl\u00f6tze sind ebenfalls optimal f\u00fcr Gussbremsscheiben.<br \/>\nDouble &#8211; H Bremskl\u00f6tze sind T\u00dcV gepr\u00fcft und haben eine ABE.<\/p>\n<p>Vorderachse<\/p>\n<p><strong>Geeignet f\u00fcr:<\/strong><\/p>\n<p>&#8211; Gilera Nordwest<\/p>\n<p><strong>Lieferumfang:<\/strong><\/p>\n<p>&#8211; 1 St\u00fcck<\/p>\n<p>Gilera Nordwest Ersatzteilkatalog: 04 \/ 178.00 \/ Position: 12<\/p>\n","protected":false},"excerpt":{"rendered":"<p>EBC Bremsbel\u00e4ge Vorderrad Sinter<\/p>\n","protected":false},"featured_media":912,"comment_status":"open","ping_status":"closed","template":"","meta":{"_bbp_topic_count":0,"_bbp_reply_count":0,"_bbp_total_topic_count":0,"_bbp_total_reply_count":0,"_bbp_voice_count":0,"_bbp_anonymous_reply_count":0,"_bbp_topic_count_hidden":0,"_bbp_reply_count_hidden":0,"_bbp_forum_subforum_count":0,"ngg_post_thumbnail":0},"product_brand":[],"product_cat":[38],"product_tag":[],"class_list":{"0":"post-947","1":"product","2":"type-product","3":"status-publish","4":"has-post-thumbnail","6":"product_cat-gilera-nordwest","8":"first","9":"instock","10":"shipping-taxable","11":"purchasable","12":"product-type-simple"},"_links":{"self":[{"href":"https:\/\/www.rettet-peter.de\/index.php?rest_route=\/wp\/v2\/product\/947","targetHints":{"allow":["GET"]}}],"collection":[{"href":"https:\/\/www.rettet-peter.de\/index.php?rest_route=\/wp\/v2\/product"}],"about":[{"href":"https:\/\/www.rettet-peter.de\/index.php?rest_route=\/wp\/v2\/types\/product"}],"replies":[{"embeddable":true,"href":"https:\/\/www.rettet-peter.de\/index.php?rest_route=%2Fwp%2Fv2%2Fcomments&post=947"}],"wp:featuredmedia":[{"embeddable":true,"href":"https:\/\/www.rettet-peter.de\/index.php?rest_route=\/wp\/v2\/media\/912"}],"wp:attachment":[{"href":"https:\/\/www.rettet-peter.de\/index.php?rest_route=%2Fwp%2Fv2%2Fmedia&parent=947"}],"wp:term":[{"taxonomy":"product_brand","embeddable":true,"href":"https:\/\/www.rettet-peter.de\/index.php?rest_route=%2Fwp%2Fv2%2Fproduct_brand&post=947"},{"taxonomy":"product_cat","embeddable":true,"href":"https:\/\/www.rettet-peter.de\/index.php?rest_route=%2Fwp%2Fv2%2Fproduct_cat&post=947"},{"taxonomy":"product_tag","embeddable":true,"href":"https:\/\/www.rettet-peter.de\/index.php?rest_route=%2Fwp%2Fv2%2Fproduct_tag&post=947"}],"curies":[{"name":"wp","href":"https:\/\/api.w.org\/{rel}","templated":true}]}}