{"id":955,"date":"2015-06-23T16:56:43","date_gmt":"2015-06-23T14:56:43","guid":{"rendered":"http:\/\/www.rettet-peter.de\/?product=ngk-zuendkerze-dcpr9evx-fuer-gilera-nordwest"},"modified":"2025-08-18T12:33:33","modified_gmt":"2025-08-18T10:33:33","slug":"ngk-zuendkerze-dcpr9evx-fuer-gilera-nordwest","status":"publish","type":"product","link":"https:\/\/www.rettet-peter.de\/?product=ngk-zuendkerze-dcpr9evx-fuer-gilera-nordwest","title":{"rendered":"NGK Z\u00fcndkerze"},"content":{"rendered":"<p><strong>NGK Z\u00fcndkerze DCPR9EVX f\u00fcr Gilera Nordwest<\/strong><\/p>\n<p>NGK ist der weltweit f\u00fchrende Hersteller von Z\u00fcndkerzen.<\/p>\n<p>Modernste Produktionsanlagen, gro\u00dfe Investitionen in Forschung und Entwicklung, sowie das starke Engagement im Rennsport, von der Formel 1 bis zum Zweiradmotorsport, macht die NGK-Z\u00fcndkerze so erfolgreich.<\/p>\n<p><strong>Passend f\u00fcr die Modelle:<\/strong><\/p>\n<p>&#8211; Gilera Nordwest 600, Baujahr 1991- 1993, 27 PS, 20 kw<br \/>\n&#8211; Gilera Nordwest 600, Baujahr 1991- 1993, 46 PS, 33,5 kw<\/p>\n<p><strong> Technische Details:<\/strong><\/p>\n<p>&#8211; Z\u00fcndkerze<\/p>\n<p><strong> Lieferumfang:<\/strong><\/p>\n<p>&#8211; Z\u00fcndkerze DCPR9EVX<\/p>\n","protected":false},"excerpt":{"rendered":"<p>NGK Z\u00fcndkerze DCPR9EVX f\u00fcr Gilera Nordwest NGK ist der weltweit f\u00fchrende Hersteller von Z\u00fcndkerzen. Modernste<\/p>\n","protected":false},"featured_media":933,"comment_status":"open","ping_status":"closed","template":"","meta":{"_bbp_topic_count":0,"_bbp_reply_count":0,"_bbp_total_topic_count":0,"_bbp_total_reply_count":0,"_bbp_voice_count":0,"_bbp_anonymous_reply_count":0,"_bbp_topic_count_hidden":0,"_bbp_reply_count_hidden":0,"_bbp_forum_subforum_count":0,"ngg_post_thumbnail":0},"product_brand":[],"product_cat":[38],"product_tag":[],"class_list":{"0":"post-955","1":"product","2":"type-product","3":"status-publish","4":"has-post-thumbnail","6":"product_cat-gilera-nordwest","8":"first","9":"instock","10":"shipping-taxable","11":"purchasable","12":"product-type-simple"},"_links":{"self":[{"href":"https:\/\/www.rettet-peter.de\/index.php?rest_route=\/wp\/v2\/product\/955","targetHints":{"allow":["GET"]}}],"collection":[{"href":"https:\/\/www.rettet-peter.de\/index.php?rest_route=\/wp\/v2\/product"}],"about":[{"href":"https:\/\/www.rettet-peter.de\/index.php?rest_route=\/wp\/v2\/types\/product"}],"replies":[{"embeddable":true,"href":"https:\/\/www.rettet-peter.de\/index.php?rest_route=%2Fwp%2Fv2%2Fcomments&post=955"}],"wp:featuredmedia":[{"embeddable":true,"href":"https:\/\/www.rettet-peter.de\/index.php?rest_route=\/wp\/v2\/media\/933"}],"wp:attachment":[{"href":"https:\/\/www.rettet-peter.de\/index.php?rest_route=%2Fwp%2Fv2%2Fmedia&parent=955"}],"wp:term":[{"taxonomy":"product_brand","embeddable":true,"href":"https:\/\/www.rettet-peter.de\/index.php?rest_route=%2Fwp%2Fv2%2Fproduct_brand&post=955"},{"taxonomy":"product_cat","embeddable":true,"href":"https:\/\/www.rettet-peter.de\/index.php?rest_route=%2Fwp%2Fv2%2Fproduct_cat&post=955"},{"taxonomy":"product_tag","embeddable":true,"href":"https:\/\/www.rettet-peter.de\/index.php?rest_route=%2Fwp%2Fv2%2Fproduct_tag&post=955"}],"curies":[{"name":"wp","href":"https:\/\/api.w.org\/{rel}","templated":true}]}}