{"id":979,"date":"2015-06-24T12:40:12","date_gmt":"2015-06-24T10:40:12","guid":{"rendered":"http:\/\/www.rettet-peter.de\/?product=original-gilera-ersatzteil-rueckstellfeder-seitenstaender"},"modified":"2026-02-14T11:41:38","modified_gmt":"2026-02-14T09:41:38","slug":"original-gilera-ersatzteil-rueckstellfeder-seitenstaender","status":"publish","type":"product","link":"https:\/\/www.rettet-peter.de\/?product=original-gilera-ersatzteil-rueckstellfeder-seitenstaender","title":{"rendered":"R\u00fcckstellfeder Seitenst\u00e4nder"},"content":{"rendered":"<p><strong>Feder Seitenst\u00e4nder<\/strong><\/p>\n<p>Original Ersatzteil von Gilera, zur Montage am Seitenst\u00e4nder, Katalognummer 327193.<br \/>\n\u00dcberarbeitet, chemisch entlackt und galvanisch verzinkt. Zustand eines Neuteils!<\/p>\n<p><strong>Geeignet f\u00fcr:<\/strong><\/p>\n<p>&#8211; Gilera Saturno<\/p>\n<p><strong>Lieferumfang:<\/strong><\/p>\n<p>&#8211; 1 St\u00fcck<\/p>\n<p>Gilera Saturno Ersatzteilkatalog: 04 \/ 2.00 \/ Position: 22<\/p>\n","protected":false},"excerpt":{"rendered":"<p>R\u00fcckstellfeder Seitenst\u00e4nder<\/p>\n","protected":false},"featured_media":980,"comment_status":"open","ping_status":"closed","template":"","meta":{"_bbp_topic_count":0,"_bbp_reply_count":0,"_bbp_total_topic_count":0,"_bbp_total_reply_count":0,"_bbp_voice_count":0,"_bbp_anonymous_reply_count":0,"_bbp_topic_count_hidden":0,"_bbp_reply_count_hidden":0,"_bbp_forum_subforum_count":0,"ngg_post_thumbnail":0},"product_brand":[],"product_cat":[39],"product_tag":[],"class_list":{"0":"post-979","1":"product","2":"type-product","3":"status-publish","4":"has-post-thumbnail","6":"product_cat-gilera-saturno","8":"first","9":"instock","10":"shipping-taxable","11":"purchasable","12":"product-type-simple"},"_links":{"self":[{"href":"https:\/\/www.rettet-peter.de\/index.php?rest_route=\/wp\/v2\/product\/979","targetHints":{"allow":["GET"]}}],"collection":[{"href":"https:\/\/www.rettet-peter.de\/index.php?rest_route=\/wp\/v2\/product"}],"about":[{"href":"https:\/\/www.rettet-peter.de\/index.php?rest_route=\/wp\/v2\/types\/product"}],"replies":[{"embeddable":true,"href":"https:\/\/www.rettet-peter.de\/index.php?rest_route=%2Fwp%2Fv2%2Fcomments&post=979"}],"wp:featuredmedia":[{"embeddable":true,"href":"https:\/\/www.rettet-peter.de\/index.php?rest_route=\/wp\/v2\/media\/980"}],"wp:attachment":[{"href":"https:\/\/www.rettet-peter.de\/index.php?rest_route=%2Fwp%2Fv2%2Fmedia&parent=979"}],"wp:term":[{"taxonomy":"product_brand","embeddable":true,"href":"https:\/\/www.rettet-peter.de\/index.php?rest_route=%2Fwp%2Fv2%2Fproduct_brand&post=979"},{"taxonomy":"product_cat","embeddable":true,"href":"https:\/\/www.rettet-peter.de\/index.php?rest_route=%2Fwp%2Fv2%2Fproduct_cat&post=979"},{"taxonomy":"product_tag","embeddable":true,"href":"https:\/\/www.rettet-peter.de\/index.php?rest_route=%2Fwp%2Fv2%2Fproduct_tag&post=979"}],"curies":[{"name":"wp","href":"https:\/\/api.w.org\/{rel}","templated":true}]}}